{"id":3146,"date":"2026-02-25T16:21:50","date_gmt":"2026-02-25T16:21:50","guid":{"rendered":"https:\/\/formcare.ch\/shop\/?post_type=product&#038;p=3146"},"modified":"2026-03-29T14:36:30","modified_gmt":"2026-03-29T14:36:30","slug":"sticker-kleber-leuchtende-notausgangsschilder-exit","status":"publish","type":"product","link":"https:\/\/formcare.ch\/shop\/produkt\/sticker-kleber-leuchtende-notausgangsschilder-exit\/","title":{"rendered":"Sticker (Kleber) Leuchtende Notausgangsschilder Exit"},"content":{"rendered":"<p><strong>Sticker (Kleber) Leuchtende Notausgangsschilder Exit<\/strong><\/p>\n<p>Leuchtende Notausgangsschilder, 30,0&#215;15,01 cm &#8211; Brandschutzschilder f\u00fcr Hotels, Schulen B\u00fcros, PVC-Material, Fenstermontage, Brandschutzschild | Leuchtendes Ausgangsschild | PVC-Schild, Brandschutzausr\u00fcstung.<\/p>\n","protected":false},"excerpt":{"rendered":"<p><strong>Sticker (Kleber) Leuchtende Notausgangsschilder Exit<\/strong><\/p>\n<p>Leuchtende Notausgangsschilder, 30,0&#215;15,01 cm &#8211; Brandschutzschilder f\u00fcr Hotels, Schulen B\u00fcros, PVC-Material, Fenstermontage, Brandschutzschild | Leuchtendes Ausgangsschild | PVC-Schild, Brandschutzausr\u00fcstung.<\/p>\n","protected":false},"featured_media":3148,"comment_status":"closed","ping_status":"closed","template":"","meta":{"site-sidebar-layout":"default","site-content-layout":"","ast-site-content-layout":"default","site-content-style":"default","site-sidebar-style":"default","ast-global-header-display":"","ast-banner-title-visibility":"","ast-main-header-display":"","ast-hfb-above-header-display":"","ast-hfb-below-header-display":"","ast-hfb-mobile-header-display":"","site-post-title":"","ast-breadcrumbs-content":"","ast-featured-img":"","footer-sml-layout":"","ast-disable-related-posts":"","theme-transparent-header-meta":"default","adv-header-id-meta":"","stick-header-meta":"","header-above-stick-meta":"","header-main-stick-meta":"","header-below-stick-meta":"","astra-migrate-meta-layouts":"set","ast-page-background-enabled":"default","ast-page-background-meta":{"desktop":{"background-color":"","background-image":"","background-repeat":"repeat","background-position":"center center","background-size":"auto","background-attachment":"scroll","background-type":"","background-media":"","overlay-type":"","overlay-color":"","overlay-opacity":"","overlay-gradient":""},"tablet":{"background-color":"","background-image":"","background-repeat":"repeat","background-position":"center center","background-size":"auto","background-attachment":"scroll","background-type":"","background-media":"","overlay-type":"","overlay-color":"","overlay-opacity":"","overlay-gradient":""},"mobile":{"background-color":"","background-image":"","background-repeat":"repeat","background-position":"center center","background-size":"auto","background-attachment":"scroll","background-type":"","background-media":"","overlay-type":"","overlay-color":"","overlay-opacity":"","overlay-gradient":""}},"ast-content-background-meta":{"desktop":{"background-color":"var(--ast-global-color-5)","background-image":"","background-repeat":"repeat","background-position":"center center","background-size":"auto","background-attachment":"scroll","background-type":"","background-media":"","overlay-type":"","overlay-color":"","overlay-opacity":"","overlay-gradient":""},"tablet":{"background-color":"var(--ast-global-color-5)","background-image":"","background-repeat":"repeat","background-position":"center center","background-size":"auto","background-attachment":"scroll","background-type":"","background-media":"","overlay-type":"","overlay-color":"","overlay-opacity":"","overlay-gradient":""},"mobile":{"background-color":"var(--ast-global-color-5)","background-image":"","background-repeat":"repeat","background-position":"center center","background-size":"auto","background-attachment":"scroll","background-type":"","background-media":"","overlay-type":"","overlay-color":"","overlay-opacity":"","overlay-gradient":""}}},"product_brand":[],"product_cat":[18,55,60,17],"product_tag":[115,114],"class_list":{"0":"post-3146","1":"product","2":"type-product","3":"status-publish","4":"has-post-thumbnail","6":"product_cat-accessories","7":"product_cat-allerlei","8":"product_cat-buero","9":"product_cat-unkategorisiert","10":"product_tag-exit","11":"product_tag-sticker","12":"product_shipping_class-49","13":"desktop-align-left","14":"tablet-align-left","15":"mobile-align-left","16":"ast-product-gallery-layout-vertical","17":"ast-product-single-variable","18":"ast-product-tabs-layout-vertical","19":"ast-qv-on-image","21":"first","22":"instock","23":"shipping-taxable","24":"purchasable","25":"product-type-variable","26":"has-default-attributes"},"exclude_global_add_ons":false,"addons":[{"name":"Sticker Exit","type":"multiple_choice","position":0,"required":true,"title_format":"label","default":"","description_enable":false,"description":"","placeholder_enable":false,"placeholder":"","display":"images","restrictions_type":"any_text","adjust_price":false,"price":"","price_type":"flat_fee","restrictions":false,"min":"0","max":"0","options":[{"label":"Pfeil rechts","price":"10.00","price_type":"flat_fee","image":3148,"visibility":true},{"label":"Pfeil links","price":"10.00","price_type":"flat_fee","image":3147,"visibility":true},{"label":"Pfeil gerade aus","price":"10.00","price_type":"flat_fee","image":3144,"visibility":true}],"id":1772037392}],"yoast_head":"<!-- This site is optimized with the Yoast SEO plugin v27.4 - https:\/\/yoast.com\/product\/yoast-seo-wordpress\/ -->\n<title>Sticker (Kleber) Leuchtende Notausgangsschilder Exit - Formcare GmbH - Shop<\/title>\n<meta name=\"description\" content=\"Sticker (Kleber) Leuchtende Notausgangsschilder ExitLeuchtende Notausgangsschilder, 30,0x15,01 cm\" \/>\n<meta name=\"robots\" content=\"index, follow, max-snippet:-1, max-image-preview:large, max-video-preview:-1\" \/>\n<link rel=\"canonical\" href=\"https:\/\/formcare.ch\/shop\/produkt\/sticker-kleber-leuchtende-notausgangsschilder-exit\/\" \/>\n<meta property=\"og:locale\" content=\"de_DE\" \/>\n<meta property=\"og:type\" content=\"article\" \/>\n<meta property=\"og:title\" content=\"Sticker (Kleber) Leuchtende Notausgangsschilder Exit - Formcare GmbH - Shop\" \/>\n<meta property=\"og:description\" content=\"Sticker (Kleber) Leuchtende Notausgangsschilder ExitLeuchtende Notausgangsschilder, 30,0x15,01 cm\" \/>\n<meta property=\"og:url\" content=\"https:\/\/formcare.ch\/shop\/produkt\/sticker-kleber-leuchtende-notausgangsschilder-exit\/\" \/>\n<meta property=\"og:site_name\" content=\"Formcare GmbH - Shop\" \/>\n<meta property=\"article:publisher\" content=\"https:\/\/www.facebook.com\/azenhaeusern\/photos\/\" \/>\n<meta property=\"article:modified_time\" content=\"2026-03-29T14:36:30+00:00\" \/>\n<meta property=\"og:image\" content=\"https:\/\/formcare.ch\/shop\/wp-content\/uploads\/2026\/02\/Notausgang_rechts.jpg\" \/>\n\t<meta property=\"og:image:width\" content=\"686\" \/>\n\t<meta property=\"og:image:height\" content=\"354\" \/>\n\t<meta property=\"og:image:type\" content=\"image\/jpeg\" \/>\n<meta name=\"twitter:card\" content=\"summary_large_image\" \/>\n<meta name=\"twitter:site\" content=\"@formcare\" \/>\n<meta name=\"twitter:label1\" content=\"Gesch\u00e4tzte Lesezeit\" \/>\n\t<meta name=\"twitter:data1\" content=\"1\u00a0Minute\" \/>\n<script type=\"application\/ld+json\" class=\"yoast-schema-graph\">{\"@context\":\"https:\\\/\\\/schema.org\",\"@graph\":[{\"@type\":\"WebPage\",\"@id\":\"https:\\\/\\\/formcare.ch\\\/shop\\\/produkt\\\/sticker-kleber-leuchtende-notausgangsschilder-exit\\\/\",\"url\":\"https:\\\/\\\/formcare.ch\\\/shop\\\/produkt\\\/sticker-kleber-leuchtende-notausgangsschilder-exit\\\/\",\"name\":\"Sticker (Kleber) Leuchtende Notausgangsschilder Exit - Formcare GmbH - Shop\",\"isPartOf\":{\"@id\":\"https:\\\/\\\/formcare.ch\\\/shop\\\/#website\"},\"primaryImageOfPage\":{\"@id\":\"https:\\\/\\\/formcare.ch\\\/shop\\\/produkt\\\/sticker-kleber-leuchtende-notausgangsschilder-exit\\\/#primaryimage\"},\"image\":{\"@id\":\"https:\\\/\\\/formcare.ch\\\/shop\\\/produkt\\\/sticker-kleber-leuchtende-notausgangsschilder-exit\\\/#primaryimage\"},\"thumbnailUrl\":\"https:\\\/\\\/formcare.ch\\\/shop\\\/wp-content\\\/uploads\\\/2026\\\/02\\\/Notausgang_rechts.jpg\",\"datePublished\":\"2026-02-25T16:21:50+00:00\",\"dateModified\":\"2026-03-29T14:36:30+00:00\",\"description\":\"Sticker (Kleber) Leuchtende Notausgangsschilder ExitLeuchtende Notausgangsschilder, 30,0x15,01 cm\",\"breadcrumb\":{\"@id\":\"https:\\\/\\\/formcare.ch\\\/shop\\\/produkt\\\/sticker-kleber-leuchtende-notausgangsschilder-exit\\\/#breadcrumb\"},\"inLanguage\":\"de\",\"potentialAction\":[{\"@type\":\"ReadAction\",\"target\":[\"https:\\\/\\\/formcare.ch\\\/shop\\\/produkt\\\/sticker-kleber-leuchtende-notausgangsschilder-exit\\\/\"]}]},{\"@type\":\"ImageObject\",\"inLanguage\":\"de\",\"@id\":\"https:\\\/\\\/formcare.ch\\\/shop\\\/produkt\\\/sticker-kleber-leuchtende-notausgangsschilder-exit\\\/#primaryimage\",\"url\":\"https:\\\/\\\/formcare.ch\\\/shop\\\/wp-content\\\/uploads\\\/2026\\\/02\\\/Notausgang_rechts.jpg\",\"contentUrl\":\"https:\\\/\\\/formcare.ch\\\/shop\\\/wp-content\\\/uploads\\\/2026\\\/02\\\/Notausgang_rechts.jpg\",\"width\":686,\"height\":354,\"caption\":\"Exit Kleber leuchtend\"},{\"@type\":\"BreadcrumbList\",\"@id\":\"https:\\\/\\\/formcare.ch\\\/shop\\\/produkt\\\/sticker-kleber-leuchtende-notausgangsschilder-exit\\\/#breadcrumb\",\"itemListElement\":[{\"@type\":\"ListItem\",\"position\":1,\"name\":\"Startseite\",\"item\":\"https:\\\/\\\/formcare.ch\\\/shop\\\/\"},{\"@type\":\"ListItem\",\"position\":2,\"name\":\"Shop\",\"item\":\"https:\\\/\\\/formcare.ch\\\/shop\\\/shop\\\/\"},{\"@type\":\"ListItem\",\"position\":3,\"name\":\"Sticker (Kleber) Leuchtende Notausgangsschilder Exit\"}]},{\"@type\":\"WebSite\",\"@id\":\"https:\\\/\\\/formcare.ch\\\/shop\\\/#website\",\"url\":\"https:\\\/\\\/formcare.ch\\\/shop\\\/\",\"name\":\"Formcare GmbH - Shop\",\"description\":\"Bekleidung\",\"publisher\":{\"@id\":\"https:\\\/\\\/formcare.ch\\\/shop\\\/#organization\"},\"potentialAction\":[{\"@type\":\"SearchAction\",\"target\":{\"@type\":\"EntryPoint\",\"urlTemplate\":\"https:\\\/\\\/formcare.ch\\\/shop\\\/?s={search_term_string}\"},\"query-input\":{\"@type\":\"PropertyValueSpecification\",\"valueRequired\":true,\"valueName\":\"search_term_string\"}}],\"inLanguage\":\"de\"},{\"@type\":\"Organization\",\"@id\":\"https:\\\/\\\/formcare.ch\\\/shop\\\/#organization\",\"name\":\"Formcare GmbH - Shop\",\"url\":\"https:\\\/\\\/formcare.ch\\\/shop\\\/\",\"logo\":{\"@type\":\"ImageObject\",\"inLanguage\":\"de\",\"@id\":\"https:\\\/\\\/formcare.ch\\\/shop\\\/#\\\/schema\\\/logo\\\/image\\\/\",\"url\":\"https:\\\/\\\/formcare.ch\\\/shop\\\/wp-content\\\/uploads\\\/2021\\\/10\\\/formcare_logo_quer.png\",\"contentUrl\":\"https:\\\/\\\/formcare.ch\\\/shop\\\/wp-content\\\/uploads\\\/2021\\\/10\\\/formcare_logo_quer.png\",\"width\":473,\"height\":118,\"caption\":\"Formcare GmbH - Shop\"},\"image\":{\"@id\":\"https:\\\/\\\/formcare.ch\\\/shop\\\/#\\\/schema\\\/logo\\\/image\\\/\"},\"sameAs\":[\"https:\\\/\\\/www.facebook.com\\\/azenhaeusern\\\/photos\\\/\",\"https:\\\/\\\/x.com\\\/formcare\"]}]}<\/script>\n<!-- \/ Yoast SEO plugin. -->","yoast_head_json":{"title":"Sticker (Kleber) Leuchtende Notausgangsschilder Exit - Formcare GmbH - Shop","description":"Sticker (Kleber) Leuchtende Notausgangsschilder ExitLeuchtende Notausgangsschilder, 30,0x15,01 cm","robots":{"index":"index","follow":"follow","max-snippet":"max-snippet:-1","max-image-preview":"max-image-preview:large","max-video-preview":"max-video-preview:-1"},"canonical":"https:\/\/formcare.ch\/shop\/produkt\/sticker-kleber-leuchtende-notausgangsschilder-exit\/","og_locale":"de_DE","og_type":"article","og_title":"Sticker (Kleber) Leuchtende Notausgangsschilder Exit - Formcare GmbH - Shop","og_description":"Sticker (Kleber) Leuchtende Notausgangsschilder ExitLeuchtende Notausgangsschilder, 30,0x15,01 cm","og_url":"https:\/\/formcare.ch\/shop\/produkt\/sticker-kleber-leuchtende-notausgangsschilder-exit\/","og_site_name":"Formcare GmbH - Shop","article_publisher":"https:\/\/www.facebook.com\/azenhaeusern\/photos\/","article_modified_time":"2026-03-29T14:36:30+00:00","og_image":[{"width":686,"height":354,"url":"https:\/\/formcare.ch\/shop\/wp-content\/uploads\/2026\/02\/Notausgang_rechts.jpg","type":"image\/jpeg"}],"twitter_card":"summary_large_image","twitter_site":"@formcare","twitter_misc":{"Gesch\u00e4tzte Lesezeit":"1\u00a0Minute"},"schema":{"@context":"https:\/\/schema.org","@graph":[{"@type":"WebPage","@id":"https:\/\/formcare.ch\/shop\/produkt\/sticker-kleber-leuchtende-notausgangsschilder-exit\/","url":"https:\/\/formcare.ch\/shop\/produkt\/sticker-kleber-leuchtende-notausgangsschilder-exit\/","name":"Sticker (Kleber) Leuchtende Notausgangsschilder Exit - Formcare GmbH - Shop","isPartOf":{"@id":"https:\/\/formcare.ch\/shop\/#website"},"primaryImageOfPage":{"@id":"https:\/\/formcare.ch\/shop\/produkt\/sticker-kleber-leuchtende-notausgangsschilder-exit\/#primaryimage"},"image":{"@id":"https:\/\/formcare.ch\/shop\/produkt\/sticker-kleber-leuchtende-notausgangsschilder-exit\/#primaryimage"},"thumbnailUrl":"https:\/\/formcare.ch\/shop\/wp-content\/uploads\/2026\/02\/Notausgang_rechts.jpg","datePublished":"2026-02-25T16:21:50+00:00","dateModified":"2026-03-29T14:36:30+00:00","description":"Sticker (Kleber) Leuchtende Notausgangsschilder ExitLeuchtende Notausgangsschilder, 30,0x15,01 cm","breadcrumb":{"@id":"https:\/\/formcare.ch\/shop\/produkt\/sticker-kleber-leuchtende-notausgangsschilder-exit\/#breadcrumb"},"inLanguage":"de","potentialAction":[{"@type":"ReadAction","target":["https:\/\/formcare.ch\/shop\/produkt\/sticker-kleber-leuchtende-notausgangsschilder-exit\/"]}]},{"@type":"ImageObject","inLanguage":"de","@id":"https:\/\/formcare.ch\/shop\/produkt\/sticker-kleber-leuchtende-notausgangsschilder-exit\/#primaryimage","url":"https:\/\/formcare.ch\/shop\/wp-content\/uploads\/2026\/02\/Notausgang_rechts.jpg","contentUrl":"https:\/\/formcare.ch\/shop\/wp-content\/uploads\/2026\/02\/Notausgang_rechts.jpg","width":686,"height":354,"caption":"Exit Kleber leuchtend"},{"@type":"BreadcrumbList","@id":"https:\/\/formcare.ch\/shop\/produkt\/sticker-kleber-leuchtende-notausgangsschilder-exit\/#breadcrumb","itemListElement":[{"@type":"ListItem","position":1,"name":"Startseite","item":"https:\/\/formcare.ch\/shop\/"},{"@type":"ListItem","position":2,"name":"Shop","item":"https:\/\/formcare.ch\/shop\/shop\/"},{"@type":"ListItem","position":3,"name":"Sticker (Kleber) Leuchtende Notausgangsschilder Exit"}]},{"@type":"WebSite","@id":"https:\/\/formcare.ch\/shop\/#website","url":"https:\/\/formcare.ch\/shop\/","name":"Formcare GmbH - Shop","description":"Bekleidung","publisher":{"@id":"https:\/\/formcare.ch\/shop\/#organization"},"potentialAction":[{"@type":"SearchAction","target":{"@type":"EntryPoint","urlTemplate":"https:\/\/formcare.ch\/shop\/?s={search_term_string}"},"query-input":{"@type":"PropertyValueSpecification","valueRequired":true,"valueName":"search_term_string"}}],"inLanguage":"de"},{"@type":"Organization","@id":"https:\/\/formcare.ch\/shop\/#organization","name":"Formcare GmbH - Shop","url":"https:\/\/formcare.ch\/shop\/","logo":{"@type":"ImageObject","inLanguage":"de","@id":"https:\/\/formcare.ch\/shop\/#\/schema\/logo\/image\/","url":"https:\/\/formcare.ch\/shop\/wp-content\/uploads\/2021\/10\/formcare_logo_quer.png","contentUrl":"https:\/\/formcare.ch\/shop\/wp-content\/uploads\/2021\/10\/formcare_logo_quer.png","width":473,"height":118,"caption":"Formcare GmbH - Shop"},"image":{"@id":"https:\/\/formcare.ch\/shop\/#\/schema\/logo\/image\/"},"sameAs":["https:\/\/www.facebook.com\/azenhaeusern\/photos\/","https:\/\/x.com\/formcare"]}]}},"_links":{"self":[{"href":"https:\/\/formcare.ch\/shop\/wp-json\/wp\/v2\/product\/3146","targetHints":{"allow":["GET"]}}],"collection":[{"href":"https:\/\/formcare.ch\/shop\/wp-json\/wp\/v2\/product"}],"about":[{"href":"https:\/\/formcare.ch\/shop\/wp-json\/wp\/v2\/types\/product"}],"replies":[{"embeddable":true,"href":"https:\/\/formcare.ch\/shop\/wp-json\/wp\/v2\/comments?post=3146"}],"version-history":[{"count":1,"href":"https:\/\/formcare.ch\/shop\/wp-json\/wp\/v2\/product\/3146\/revisions"}],"predecessor-version":[{"id":3149,"href":"https:\/\/formcare.ch\/shop\/wp-json\/wp\/v2\/product\/3146\/revisions\/3149"}],"wp:featuredmedia":[{"embeddable":true,"href":"https:\/\/formcare.ch\/shop\/wp-json\/wp\/v2\/media\/3148"}],"wp:attachment":[{"href":"https:\/\/formcare.ch\/shop\/wp-json\/wp\/v2\/media?parent=3146"}],"wp:term":[{"taxonomy":"product_brand","embeddable":true,"href":"https:\/\/formcare.ch\/shop\/wp-json\/wp\/v2\/product_brand?post=3146"},{"taxonomy":"product_cat","embeddable":true,"href":"https:\/\/formcare.ch\/shop\/wp-json\/wp\/v2\/product_cat?post=3146"},{"taxonomy":"product_tag","embeddable":true,"href":"https:\/\/formcare.ch\/shop\/wp-json\/wp\/v2\/product_tag?post=3146"}],"curies":[{"name":"wp","href":"https:\/\/api.w.org\/{rel}","templated":true}]}}