{"id":2435,"date":"2022-07-26T09:18:59","date_gmt":"2022-07-26T09:18:59","guid":{"rendered":"https:\/\/formcare.ch\/shop\/?post_type=product&#038;p=2435"},"modified":"2024-11-27T07:51:26","modified_gmt":"2024-11-27T07:51:26","slug":"tasse","status":"publish","type":"product","link":"https:\/\/formcare.ch\/shop\/produkt\/tasse\/","title":{"rendered":"Tasse"},"content":{"rendered":"<p><strong>Bedrucken Sie Ihre Tasse individuell<br \/>\n<\/strong>M\u00f6chten Sie beim morgigen Kaffee oder Tee auffallen? Oder m\u00f6chten Sie Ihrer Mutter ein personalisiertes Geschenk machen? Dann erstellen Sie ihre individuell gestaltet Tasse bei Formcare GmbH.<\/p>\n<p>Laden Sie daf\u00fcr das Bild hoch, dass Sie bedrucken m\u00f6chten.<\/p>\n<p>&#8211; Hochwertige Keramiktasse mit C-f\u00f6rmigem Henkel, DURAGLAZE\u00ae-Coating<br \/>\n&#8211; Hochwei\u00df, gl\u00e4nzende Oberfl\u00e4che<br \/>\n&#8211; Fotodruck von h\u00f6chster Qualit\u00e4t<br \/>\n&#8211; Sp\u00fclmaschinengeeignet<br \/>\n&#8211; Mikrowellenbest\u00e4ndig nach BS EN 15284:2007<br \/>\n&#8211; Industriesp\u00fclmaschinenbest\u00e4ndig<br \/>\n&#8211; F\u00fcr Sublimationstransfer<br \/>\n&#8211; H\u00f6he 96 mm, \u00d8 80 mm, ca. 360 g<br \/>\n&#8211; Fassungsverm\u00f6gen ca. 330 ml<\/p>\n","protected":false},"excerpt":{"rendered":"<p>Bedrucken Sie Ihre Tasse individuell M\u00f6chten Sie beim morgigen Kaffee oder Tee auffallen? Oder m\u00f6chten Sie Ihrer Mutter ein personalisiertes Geschenk machen? Dann erstellen Sie ihre individuell gestaltet Tasse bei Formcare GmbH. Laden Sie daf\u00fcr das Bild hoch, dass Sie bedrucken m\u00f6chten. &#8211; Hochwertige Keramiktasse mit C-f\u00f6rmigem Henkel, DURAGLAZE\u00ae-Coating &#8211; Hochwei\u00df, gl\u00e4nzende Oberfl\u00e4che &#8211; Fotodruck [&hellip;]<\/p>\n","protected":false},"featured_media":2579,"comment_status":"closed","ping_status":"closed","template":"","meta":{"site-sidebar-layout":"default","site-content-layout":"default","ast-site-content-layout":"default","site-content-style":"default","site-sidebar-style":"default","ast-global-header-display":"","ast-banner-title-visibility":"","ast-main-header-display":"","ast-hfb-above-header-display":"","ast-hfb-below-header-display":"","ast-hfb-mobile-header-display":"","site-post-title":"","ast-breadcrumbs-content":"","ast-featured-img":"","footer-sml-layout":"","ast-disable-related-posts":"","theme-transparent-header-meta":"default","adv-header-id-meta":"","stick-header-meta":"","header-above-stick-meta":"","header-main-stick-meta":"","header-below-stick-meta":"","astra-migrate-meta-layouts":"set","ast-page-background-enabled":"default","ast-page-background-meta":{"desktop":{"background-color":"","background-image":"","background-repeat":"repeat","background-position":"center center","background-size":"auto","background-attachment":"scroll","background-type":"","background-media":"","overlay-type":"","overlay-color":"","overlay-opacity":"","overlay-gradient":""},"tablet":{"background-color":"","background-image":"","background-repeat":"repeat","background-position":"center center","background-size":"auto","background-attachment":"scroll","background-type":"","background-media":"","overlay-type":"","overlay-color":"","overlay-opacity":"","overlay-gradient":""},"mobile":{"background-color":"","background-image":"","background-repeat":"repeat","background-position":"center center","background-size":"auto","background-attachment":"scroll","background-type":"","background-media":"","overlay-type":"","overlay-color":"","overlay-opacity":"","overlay-gradient":""}},"ast-content-background-meta":{"desktop":{"background-color":"var(--ast-global-color-5)","background-image":"","background-repeat":"repeat","background-position":"center center","background-size":"auto","background-attachment":"scroll","background-type":"","background-media":"","overlay-type":"","overlay-color":"","overlay-opacity":"","overlay-gradient":""},"tablet":{"background-color":"var(--ast-global-color-5)","background-image":"","background-repeat":"repeat","background-position":"center center","background-size":"auto","background-attachment":"scroll","background-type":"","background-media":"","overlay-type":"","overlay-color":"","overlay-opacity":"","overlay-gradient":""},"mobile":{"background-color":"var(--ast-global-color-5)","background-image":"","background-repeat":"repeat","background-position":"center center","background-size":"auto","background-attachment":"scroll","background-type":"","background-media":"","overlay-type":"","overlay-color":"","overlay-opacity":"","overlay-gradient":""}}},"product_brand":[],"product_cat":[18,55,60,34],"product_tag":[],"class_list":{"0":"post-2435","1":"product","2":"type-product","3":"status-publish","4":"has-post-thumbnail","6":"product_cat-accessories","7":"product_cat-allerlei","8":"product_cat-buero","9":"product_cat-tassen","10":"product_shipping_class-36","11":"desktop-align-left","12":"tablet-align-left","13":"mobile-align-left","14":"ast-product-gallery-layout-vertical","15":"ast-product-gallery-with-no-image","16":"ast-product-tabs-layout-vertical","17":"ast-qv-on-image","19":"first","20":"instock","21":"shipping-taxable","22":"purchasable","23":"product-type-simple"},"exclude_global_add_ons":false,"addons":[{"name":"Bild hochladen","type":"file_upload","position":0,"required":false,"title_format":"label","default":"","description_enable":true,"description":"Laden Sie bitte das Bild hoch, dass Sie aufdrucken m\u00f6chten.","placeholder_enable":false,"placeholder":"","display":"select","restrictions_type":"any_text","adjust_price":false,"price":"","price_type":"flat_fee","restrictions":false,"min":"0","max":"0","options":[],"id":1675849790},{"name":"Text","type":"custom_text","position":1,"required":false,"title_format":"label","default":"","description_enable":true,"description":"Geben Sie den Text ein, den Sie aufdrucken m\u00f6chten.","placeholder_enable":false,"placeholder":"","display":"select","restrictions_type":"any_text","adjust_price":false,"price":"","price_type":"flat_fee","restrictions":false,"min":"0","max":"0","options":[],"id":1675849791}],"yoast_head":"<!-- This site is optimized with the Yoast SEO plugin v27.4 - https:\/\/yoast.com\/product\/yoast-seo-wordpress\/ -->\n<title>Tasse - Formcare GmbH - Shop<\/title>\n<meta name=\"description\" content=\"M\u00f6chten Sie beim morgigen Kaffee oder Tee auffallen? Oder m\u00f6chten Sie Ihrer Mutter ein personalisiertes Geschenk machen? Dann erstellen Sie Tasse bei uns.\" \/>\n<meta name=\"robots\" content=\"index, follow, max-snippet:-1, max-image-preview:large, max-video-preview:-1\" \/>\n<link rel=\"canonical\" href=\"https:\/\/formcare.ch\/shop\/produkt\/tasse\/\" \/>\n<meta property=\"og:locale\" content=\"de_DE\" \/>\n<meta property=\"og:type\" content=\"article\" \/>\n<meta property=\"og:title\" content=\"Tasse - Formcare GmbH - Shop\" \/>\n<meta property=\"og:description\" content=\"M\u00f6chten Sie beim morgigen Kaffee oder Tee auffallen? Oder m\u00f6chten Sie Ihrer Mutter ein personalisiertes Geschenk machen? Dann erstellen Sie Tasse bei uns.\" \/>\n<meta property=\"og:url\" content=\"https:\/\/formcare.ch\/shop\/produkt\/tasse\/\" \/>\n<meta property=\"og:site_name\" content=\"Formcare GmbH - Shop\" \/>\n<meta property=\"article:publisher\" content=\"https:\/\/www.facebook.com\/azenhaeusern\/photos\/\" \/>\n<meta property=\"article:modified_time\" content=\"2024-11-27T07:51:26+00:00\" \/>\n<meta property=\"og:image\" content=\"https:\/\/formcare.ch\/shop\/wp-content\/uploads\/2022\/07\/mug.webp\" \/>\n\t<meta property=\"og:image:width\" content=\"1440\" \/>\n\t<meta property=\"og:image:height\" content=\"1920\" \/>\n\t<meta property=\"og:image:type\" content=\"image\/webp\" \/>\n<meta name=\"twitter:card\" content=\"summary_large_image\" \/>\n<meta name=\"twitter:site\" content=\"@formcare\" \/>\n<meta name=\"twitter:label1\" content=\"Gesch\u00e4tzte Lesezeit\" \/>\n\t<meta name=\"twitter:data1\" content=\"1\u00a0Minute\" \/>\n<script type=\"application\/ld+json\" class=\"yoast-schema-graph\">{\"@context\":\"https:\\\/\\\/schema.org\",\"@graph\":[{\"@type\":\"WebPage\",\"@id\":\"https:\\\/\\\/formcare.ch\\\/shop\\\/produkt\\\/tasse\\\/\",\"url\":\"https:\\\/\\\/formcare.ch\\\/shop\\\/produkt\\\/tasse\\\/\",\"name\":\"Tasse - Formcare GmbH - Shop\",\"isPartOf\":{\"@id\":\"https:\\\/\\\/formcare.ch\\\/shop\\\/#website\"},\"primaryImageOfPage\":{\"@id\":\"https:\\\/\\\/formcare.ch\\\/shop\\\/produkt\\\/tasse\\\/#primaryimage\"},\"image\":{\"@id\":\"https:\\\/\\\/formcare.ch\\\/shop\\\/produkt\\\/tasse\\\/#primaryimage\"},\"thumbnailUrl\":\"https:\\\/\\\/formcare.ch\\\/shop\\\/wp-content\\\/uploads\\\/2022\\\/07\\\/mug.webp\",\"datePublished\":\"2022-07-26T09:18:59+00:00\",\"dateModified\":\"2024-11-27T07:51:26+00:00\",\"description\":\"M\u00f6chten Sie beim morgigen Kaffee oder Tee auffallen? Oder m\u00f6chten Sie Ihrer Mutter ein personalisiertes Geschenk machen? Dann erstellen Sie Tasse bei uns.\",\"breadcrumb\":{\"@id\":\"https:\\\/\\\/formcare.ch\\\/shop\\\/produkt\\\/tasse\\\/#breadcrumb\"},\"inLanguage\":\"de\",\"potentialAction\":[{\"@type\":\"ReadAction\",\"target\":[\"https:\\\/\\\/formcare.ch\\\/shop\\\/produkt\\\/tasse\\\/\"]}]},{\"@type\":\"ImageObject\",\"inLanguage\":\"de\",\"@id\":\"https:\\\/\\\/formcare.ch\\\/shop\\\/produkt\\\/tasse\\\/#primaryimage\",\"url\":\"https:\\\/\\\/formcare.ch\\\/shop\\\/wp-content\\\/uploads\\\/2022\\\/07\\\/mug.webp\",\"contentUrl\":\"https:\\\/\\\/formcare.ch\\\/shop\\\/wp-content\\\/uploads\\\/2022\\\/07\\\/mug.webp\",\"width\":1440,\"height\":1920,\"caption\":\"Tasse\"},{\"@type\":\"BreadcrumbList\",\"@id\":\"https:\\\/\\\/formcare.ch\\\/shop\\\/produkt\\\/tasse\\\/#breadcrumb\",\"itemListElement\":[{\"@type\":\"ListItem\",\"position\":1,\"name\":\"Startseite\",\"item\":\"https:\\\/\\\/formcare.ch\\\/shop\\\/\"},{\"@type\":\"ListItem\",\"position\":2,\"name\":\"Shop\",\"item\":\"https:\\\/\\\/formcare.ch\\\/shop\\\/shop\\\/\"},{\"@type\":\"ListItem\",\"position\":3,\"name\":\"Tasse\"}]},{\"@type\":\"WebSite\",\"@id\":\"https:\\\/\\\/formcare.ch\\\/shop\\\/#website\",\"url\":\"https:\\\/\\\/formcare.ch\\\/shop\\\/\",\"name\":\"Formcare GmbH - Shop\",\"description\":\"Bekleidung\",\"publisher\":{\"@id\":\"https:\\\/\\\/formcare.ch\\\/shop\\\/#organization\"},\"potentialAction\":[{\"@type\":\"SearchAction\",\"target\":{\"@type\":\"EntryPoint\",\"urlTemplate\":\"https:\\\/\\\/formcare.ch\\\/shop\\\/?s={search_term_string}\"},\"query-input\":{\"@type\":\"PropertyValueSpecification\",\"valueRequired\":true,\"valueName\":\"search_term_string\"}}],\"inLanguage\":\"de\"},{\"@type\":\"Organization\",\"@id\":\"https:\\\/\\\/formcare.ch\\\/shop\\\/#organization\",\"name\":\"Formcare GmbH - Shop\",\"url\":\"https:\\\/\\\/formcare.ch\\\/shop\\\/\",\"logo\":{\"@type\":\"ImageObject\",\"inLanguage\":\"de\",\"@id\":\"https:\\\/\\\/formcare.ch\\\/shop\\\/#\\\/schema\\\/logo\\\/image\\\/\",\"url\":\"https:\\\/\\\/formcare.ch\\\/shop\\\/wp-content\\\/uploads\\\/2021\\\/10\\\/formcare_logo_quer.png\",\"contentUrl\":\"https:\\\/\\\/formcare.ch\\\/shop\\\/wp-content\\\/uploads\\\/2021\\\/10\\\/formcare_logo_quer.png\",\"width\":473,\"height\":118,\"caption\":\"Formcare GmbH - Shop\"},\"image\":{\"@id\":\"https:\\\/\\\/formcare.ch\\\/shop\\\/#\\\/schema\\\/logo\\\/image\\\/\"},\"sameAs\":[\"https:\\\/\\\/www.facebook.com\\\/azenhaeusern\\\/photos\\\/\",\"https:\\\/\\\/x.com\\\/formcare\"]}]}<\/script>\n<!-- \/ Yoast SEO plugin. -->","yoast_head_json":{"title":"Tasse - Formcare GmbH - Shop","description":"M\u00f6chten Sie beim morgigen Kaffee oder Tee auffallen? Oder m\u00f6chten Sie Ihrer Mutter ein personalisiertes Geschenk machen? Dann erstellen Sie Tasse bei uns.","robots":{"index":"index","follow":"follow","max-snippet":"max-snippet:-1","max-image-preview":"max-image-preview:large","max-video-preview":"max-video-preview:-1"},"canonical":"https:\/\/formcare.ch\/shop\/produkt\/tasse\/","og_locale":"de_DE","og_type":"article","og_title":"Tasse - Formcare GmbH - Shop","og_description":"M\u00f6chten Sie beim morgigen Kaffee oder Tee auffallen? Oder m\u00f6chten Sie Ihrer Mutter ein personalisiertes Geschenk machen? Dann erstellen Sie Tasse bei uns.","og_url":"https:\/\/formcare.ch\/shop\/produkt\/tasse\/","og_site_name":"Formcare GmbH - Shop","article_publisher":"https:\/\/www.facebook.com\/azenhaeusern\/photos\/","article_modified_time":"2024-11-27T07:51:26+00:00","og_image":[{"width":1440,"height":1920,"url":"https:\/\/formcare.ch\/shop\/wp-content\/uploads\/2022\/07\/mug.webp","type":"image\/webp"}],"twitter_card":"summary_large_image","twitter_site":"@formcare","twitter_misc":{"Gesch\u00e4tzte Lesezeit":"1\u00a0Minute"},"schema":{"@context":"https:\/\/schema.org","@graph":[{"@type":"WebPage","@id":"https:\/\/formcare.ch\/shop\/produkt\/tasse\/","url":"https:\/\/formcare.ch\/shop\/produkt\/tasse\/","name":"Tasse - Formcare GmbH - Shop","isPartOf":{"@id":"https:\/\/formcare.ch\/shop\/#website"},"primaryImageOfPage":{"@id":"https:\/\/formcare.ch\/shop\/produkt\/tasse\/#primaryimage"},"image":{"@id":"https:\/\/formcare.ch\/shop\/produkt\/tasse\/#primaryimage"},"thumbnailUrl":"https:\/\/formcare.ch\/shop\/wp-content\/uploads\/2022\/07\/mug.webp","datePublished":"2022-07-26T09:18:59+00:00","dateModified":"2024-11-27T07:51:26+00:00","description":"M\u00f6chten Sie beim morgigen Kaffee oder Tee auffallen? Oder m\u00f6chten Sie Ihrer Mutter ein personalisiertes Geschenk machen? Dann erstellen Sie Tasse bei uns.","breadcrumb":{"@id":"https:\/\/formcare.ch\/shop\/produkt\/tasse\/#breadcrumb"},"inLanguage":"de","potentialAction":[{"@type":"ReadAction","target":["https:\/\/formcare.ch\/shop\/produkt\/tasse\/"]}]},{"@type":"ImageObject","inLanguage":"de","@id":"https:\/\/formcare.ch\/shop\/produkt\/tasse\/#primaryimage","url":"https:\/\/formcare.ch\/shop\/wp-content\/uploads\/2022\/07\/mug.webp","contentUrl":"https:\/\/formcare.ch\/shop\/wp-content\/uploads\/2022\/07\/mug.webp","width":1440,"height":1920,"caption":"Tasse"},{"@type":"BreadcrumbList","@id":"https:\/\/formcare.ch\/shop\/produkt\/tasse\/#breadcrumb","itemListElement":[{"@type":"ListItem","position":1,"name":"Startseite","item":"https:\/\/formcare.ch\/shop\/"},{"@type":"ListItem","position":2,"name":"Shop","item":"https:\/\/formcare.ch\/shop\/shop\/"},{"@type":"ListItem","position":3,"name":"Tasse"}]},{"@type":"WebSite","@id":"https:\/\/formcare.ch\/shop\/#website","url":"https:\/\/formcare.ch\/shop\/","name":"Formcare GmbH - Shop","description":"Bekleidung","publisher":{"@id":"https:\/\/formcare.ch\/shop\/#organization"},"potentialAction":[{"@type":"SearchAction","target":{"@type":"EntryPoint","urlTemplate":"https:\/\/formcare.ch\/shop\/?s={search_term_string}"},"query-input":{"@type":"PropertyValueSpecification","valueRequired":true,"valueName":"search_term_string"}}],"inLanguage":"de"},{"@type":"Organization","@id":"https:\/\/formcare.ch\/shop\/#organization","name":"Formcare GmbH - Shop","url":"https:\/\/formcare.ch\/shop\/","logo":{"@type":"ImageObject","inLanguage":"de","@id":"https:\/\/formcare.ch\/shop\/#\/schema\/logo\/image\/","url":"https:\/\/formcare.ch\/shop\/wp-content\/uploads\/2021\/10\/formcare_logo_quer.png","contentUrl":"https:\/\/formcare.ch\/shop\/wp-content\/uploads\/2021\/10\/formcare_logo_quer.png","width":473,"height":118,"caption":"Formcare GmbH - Shop"},"image":{"@id":"https:\/\/formcare.ch\/shop\/#\/schema\/logo\/image\/"},"sameAs":["https:\/\/www.facebook.com\/azenhaeusern\/photos\/","https:\/\/x.com\/formcare"]}]}},"_links":{"self":[{"href":"https:\/\/formcare.ch\/shop\/wp-json\/wp\/v2\/product\/2435","targetHints":{"allow":["GET"]}}],"collection":[{"href":"https:\/\/formcare.ch\/shop\/wp-json\/wp\/v2\/product"}],"about":[{"href":"https:\/\/formcare.ch\/shop\/wp-json\/wp\/v2\/types\/product"}],"replies":[{"embeddable":true,"href":"https:\/\/formcare.ch\/shop\/wp-json\/wp\/v2\/comments?post=2435"}],"version-history":[{"count":2,"href":"https:\/\/formcare.ch\/shop\/wp-json\/wp\/v2\/product\/2435\/revisions"}],"predecessor-version":[{"id":2707,"href":"https:\/\/formcare.ch\/shop\/wp-json\/wp\/v2\/product\/2435\/revisions\/2707"}],"wp:featuredmedia":[{"embeddable":true,"href":"https:\/\/formcare.ch\/shop\/wp-json\/wp\/v2\/media\/2579"}],"wp:attachment":[{"href":"https:\/\/formcare.ch\/shop\/wp-json\/wp\/v2\/media?parent=2435"}],"wp:term":[{"taxonomy":"product_brand","embeddable":true,"href":"https:\/\/formcare.ch\/shop\/wp-json\/wp\/v2\/product_brand?post=2435"},{"taxonomy":"product_cat","embeddable":true,"href":"https:\/\/formcare.ch\/shop\/wp-json\/wp\/v2\/product_cat?post=2435"},{"taxonomy":"product_tag","embeddable":true,"href":"https:\/\/formcare.ch\/shop\/wp-json\/wp\/v2\/product_tag?post=2435"}],"curies":[{"name":"wp","href":"https:\/\/api.w.org\/{rel}","templated":true}]}}