{"id":2015,"date":"2020-07-03T05:25:12","date_gmt":"2020-07-03T05:25:12","guid":{"rendered":"https:\/\/formcare.ch\/shop\/produkt\/schutzmaske-mit-individuellem-druck\/"},"modified":"2023-02-08T09:59:14","modified_gmt":"2023-02-08T09:59:14","slug":"schutzmaske","status":"publish","type":"product","link":"https:\/\/formcare.ch\/shop\/produkt\/schutzmaske\/","title":{"rendered":"Schutzmaske"},"content":{"rendered":"<p><strong>Schutzmaske mit individuellem Druck<br \/>\n<\/strong><span class=\"srdesctitle\">Sublistar\u00ae Gesichtsmaske wei\u00df, div. Gr\u00f6\u00dfen:<\/span><br \/>\nEgal ob das Tragen von Mund- und Nasenbedeckungen Pflicht ist oder nicht, Gesichtsmasken sind zum Mode-Accessoire geworden. Immer mehr Menschen wollen ihre Erledigungen nicht mit einer langweiligen wei\u00dfen oder blauen Maske t\u00e4tigen, sondern bevorzugen die Maske als Tr\u00e4ger einer Haltung oder Botschaft &#8211; und das zudem noch individuell und personalisiert.<\/p>\n<p>Mit der sublimierbaren Gesichtsmaske MASK-1 ist das kein Problem. Zudem ist die zweilagige Maske sehr bequem zu Tragen. Die Innenseite besteht aus einem Mischgewebe aus 80% Baumwolle, 20% Polyester. Die Maske ist bis zu 60\u00b0C waschbar und ist so ein steter Begleiter.<\/p>\n<p>*Hinweis: Diese Maske bietet keinen Schutz f\u00fcr den Maskentr\u00e4ger, sondern reduziert in hohem Ma\u00dfe den Aussto\u00df von potentiell gef\u00e4hrlichen Aerosole.<\/p>\n<p><strong>Bitte beachten: Die hier angebotenen Stoffmasken sind nicht zertifiziert, kein Medizinprodukt im Sinne des MPG und nicht f\u00fcr den medizinischen Bereich geeignet.<\/strong><\/p>\n<p>Diese Masken bieten einen Schutz vor Staub und Pollen und k\u00f6nnen auch bei diversen Freizeit- oder Gartenaktivit\u00e4ten genutzt werden.<\/p>\n<p>&#8211; Au\u00dfen 100% Polyester, innen 80% Baumwolle, 20% Polyester<br \/>\n&#8211; Farbe wei\u00df<br \/>\n&#8211; Waschbar bis 60\u00b0C<br \/>\n&#8211; Entspricht REACH Verordnung (EG) Nr. 1907\/2006<\/p>\n","protected":false},"excerpt":{"rendered":"<p>Schutzmaske mit individuellem Druck Sublistar\u00ae Gesichtsmaske wei\u00df, div. Gr\u00f6\u00dfen: Egal ob das Tragen von Mund- und Nasenbedeckungen Pflicht ist oder nicht, Gesichtsmasken sind zum Mode-Accessoire geworden. Immer mehr Menschen wollen ihre Erledigungen nicht mit einer langweiligen wei\u00dfen oder blauen Maske t\u00e4tigen, sondern bevorzugen die Maske als Tr\u00e4ger einer Haltung oder Botschaft &#8211; und das zudem [&hellip;]<\/p>\n","protected":false},"featured_media":2587,"comment_status":"open","ping_status":"closed","template":"","meta":{"site-sidebar-layout":"default","site-content-layout":"default","ast-site-content-layout":"default","site-content-style":"default","site-sidebar-style":"default","ast-global-header-display":"","ast-banner-title-visibility":"","ast-main-header-display":"","ast-hfb-above-header-display":"","ast-hfb-below-header-display":"","ast-hfb-mobile-header-display":"","site-post-title":"","ast-breadcrumbs-content":"","ast-featured-img":"","footer-sml-layout":"","ast-disable-related-posts":"","theme-transparent-header-meta":"default","adv-header-id-meta":"","stick-header-meta":"","header-above-stick-meta":"","header-main-stick-meta":"","header-below-stick-meta":"","astra-migrate-meta-layouts":"default","ast-page-background-enabled":"default","ast-page-background-meta":{"desktop":{"background-color":"","background-image":"","background-repeat":"repeat","background-position":"center center","background-size":"auto","background-attachment":"scroll","background-type":"","background-media":"","overlay-type":"","overlay-color":"","overlay-opacity":"","overlay-gradient":""},"tablet":{"background-color":"","background-image":"","background-repeat":"repeat","background-position":"center center","background-size":"auto","background-attachment":"scroll","background-type":"","background-media":"","overlay-type":"","overlay-color":"","overlay-opacity":"","overlay-gradient":""},"mobile":{"background-color":"","background-image":"","background-repeat":"repeat","background-position":"center center","background-size":"auto","background-attachment":"scroll","background-type":"","background-media":"","overlay-type":"","overlay-color":"","overlay-opacity":"","overlay-gradient":""}},"ast-content-background-meta":{"desktop":{"background-color":"var(--ast-global-color-5)","background-image":"","background-repeat":"repeat","background-position":"center center","background-size":"auto","background-attachment":"scroll","background-type":"","background-media":"","overlay-type":"","overlay-color":"","overlay-opacity":"","overlay-gradient":""},"tablet":{"background-color":"var(--ast-global-color-5)","background-image":"","background-repeat":"repeat","background-position":"center center","background-size":"auto","background-attachment":"scroll","background-type":"","background-media":"","overlay-type":"","overlay-color":"","overlay-opacity":"","overlay-gradient":""},"mobile":{"background-color":"var(--ast-global-color-5)","background-image":"","background-repeat":"repeat","background-position":"center center","background-size":"auto","background-attachment":"scroll","background-type":"","background-media":"","overlay-type":"","overlay-color":"","overlay-opacity":"","overlay-gradient":""}}},"product_brand":[],"product_cat":[18,55,51],"product_tag":[93],"class_list":{"0":"post-2015","1":"product","2":"type-product","3":"status-publish","4":"has-post-thumbnail","6":"product_cat-accessories","7":"product_cat-allerlei","8":"product_cat-bekleidung","9":"product_tag-schutzmaske","10":"product_shipping_class-49","11":"desktop-align-left","12":"tablet-align-left","13":"mobile-align-left","14":"ast-product-gallery-layout-vertical","15":"ast-product-gallery-with-no-image","16":"ast-product-single-variable","17":"ast-product-tabs-layout-vertical","18":"ast-qv-on-image","20":"first","21":"instock","22":"shipping-taxable","23":"purchasable","24":"product-type-variable"},"exclude_global_add_ons":false,"addons":[{"name":"Bild hochladen","type":"file_upload","position":0,"required":true,"title_format":"label","default":"","description_enable":true,"description":"Laden Sie bitte das Bild hoch, dass Sie aufdrucken m\u00f6chten.","placeholder_enable":false,"placeholder":"","display":"select","restrictions_type":"any_text","adjust_price":false,"price":"","price_type":"flat_fee","restrictions":false,"min":"0","max":"0","options":[],"id":1675850355}],"yoast_head":"<!-- This site is optimized with the Yoast SEO plugin v27.3 - https:\/\/yoast.com\/product\/yoast-seo-wordpress\/ -->\n<title>Schutzmaske - Formcare GmbH - Shop - Shop<\/title>\n<meta name=\"description\" content=\"Kaufen Sie jetzt die Schutzmaske mit individuellem Druck. Die Schutzmaske wird mit dem Sublimationsverfahren von Formcare GmbH bedruckt.\" \/>\n<meta name=\"robots\" content=\"index, follow, max-snippet:-1, max-image-preview:large, max-video-preview:-1\" \/>\n<link rel=\"canonical\" href=\"https:\/\/formcare.ch\/shop\/produkt\/schutzmaske\/\" \/>\n<meta property=\"og:locale\" content=\"de_DE\" \/>\n<meta property=\"og:type\" content=\"article\" \/>\n<meta property=\"og:title\" content=\"Schutzmaske - Formcare GmbH - Shop - Shop\" \/>\n<meta property=\"og:description\" content=\"Kaufen Sie jetzt die Schutzmaske mit individuellem Druck. Die Schutzmaske wird mit dem Sublimationsverfahren von Formcare GmbH bedruckt.\" \/>\n<meta property=\"og:url\" content=\"https:\/\/formcare.ch\/shop\/produkt\/schutzmaske\/\" \/>\n<meta property=\"og:site_name\" content=\"Formcare GmbH - Shop\" \/>\n<meta property=\"article:publisher\" content=\"https:\/\/www.facebook.com\/azenhaeusern\/photos\/\" \/>\n<meta property=\"article:modified_time\" content=\"2023-02-08T09:59:14+00:00\" \/>\n<meta property=\"og:image\" content=\"https:\/\/formcare.ch\/shop\/wp-content\/uploads\/2020\/07\/schutzmaske.webp\" \/>\n\t<meta property=\"og:image:width\" content=\"1440\" \/>\n\t<meta property=\"og:image:height\" content=\"1920\" \/>\n\t<meta property=\"og:image:type\" content=\"image\/webp\" \/>\n<meta name=\"twitter:card\" content=\"summary_large_image\" \/>\n<meta name=\"twitter:site\" content=\"@formcare\" \/>\n<meta name=\"twitter:label1\" content=\"Gesch\u00e4tzte Lesezeit\" \/>\n\t<meta name=\"twitter:data1\" content=\"2\u00a0Minuten\" \/>\n<script type=\"application\/ld+json\" class=\"yoast-schema-graph\">{\"@context\":\"https:\\\/\\\/schema.org\",\"@graph\":[{\"@type\":\"WebPage\",\"@id\":\"https:\\\/\\\/formcare.ch\\\/shop\\\/produkt\\\/schutzmaske\\\/\",\"url\":\"https:\\\/\\\/formcare.ch\\\/shop\\\/produkt\\\/schutzmaske\\\/\",\"name\":\"Schutzmaske - Formcare GmbH - Shop - Shop\",\"isPartOf\":{\"@id\":\"https:\\\/\\\/formcare.ch\\\/shop\\\/#website\"},\"primaryImageOfPage\":{\"@id\":\"https:\\\/\\\/formcare.ch\\\/shop\\\/produkt\\\/schutzmaske\\\/#primaryimage\"},\"image\":{\"@id\":\"https:\\\/\\\/formcare.ch\\\/shop\\\/produkt\\\/schutzmaske\\\/#primaryimage\"},\"thumbnailUrl\":\"https:\\\/\\\/formcare.ch\\\/shop\\\/wp-content\\\/uploads\\\/2020\\\/07\\\/schutzmaske.webp\",\"datePublished\":\"2020-07-03T05:25:12+00:00\",\"dateModified\":\"2023-02-08T09:59:14+00:00\",\"description\":\"Kaufen Sie jetzt die Schutzmaske mit individuellem Druck. Die Schutzmaske wird mit dem Sublimationsverfahren von Formcare GmbH bedruckt.\",\"breadcrumb\":{\"@id\":\"https:\\\/\\\/formcare.ch\\\/shop\\\/produkt\\\/schutzmaske\\\/#breadcrumb\"},\"inLanguage\":\"de\",\"potentialAction\":[{\"@type\":\"ReadAction\",\"target\":[\"https:\\\/\\\/formcare.ch\\\/shop\\\/produkt\\\/schutzmaske\\\/\"]}]},{\"@type\":\"ImageObject\",\"inLanguage\":\"de\",\"@id\":\"https:\\\/\\\/formcare.ch\\\/shop\\\/produkt\\\/schutzmaske\\\/#primaryimage\",\"url\":\"https:\\\/\\\/formcare.ch\\\/shop\\\/wp-content\\\/uploads\\\/2020\\\/07\\\/schutzmaske.webp\",\"contentUrl\":\"https:\\\/\\\/formcare.ch\\\/shop\\\/wp-content\\\/uploads\\\/2020\\\/07\\\/schutzmaske.webp\",\"width\":1440,\"height\":1920,\"caption\":\"Schutzmaske\"},{\"@type\":\"BreadcrumbList\",\"@id\":\"https:\\\/\\\/formcare.ch\\\/shop\\\/produkt\\\/schutzmaske\\\/#breadcrumb\",\"itemListElement\":[{\"@type\":\"ListItem\",\"position\":1,\"name\":\"Startseite\",\"item\":\"https:\\\/\\\/formcare.ch\\\/shop\\\/\"},{\"@type\":\"ListItem\",\"position\":2,\"name\":\"Shop\",\"item\":\"https:\\\/\\\/formcare.ch\\\/shop\\\/shop\\\/\"},{\"@type\":\"ListItem\",\"position\":3,\"name\":\"Schutzmaske\"}]},{\"@type\":\"WebSite\",\"@id\":\"https:\\\/\\\/formcare.ch\\\/shop\\\/#website\",\"url\":\"https:\\\/\\\/formcare.ch\\\/shop\\\/\",\"name\":\"Formcare GmbH - Shop\",\"description\":\"Bekleidung\",\"publisher\":{\"@id\":\"https:\\\/\\\/formcare.ch\\\/shop\\\/#organization\"},\"potentialAction\":[{\"@type\":\"SearchAction\",\"target\":{\"@type\":\"EntryPoint\",\"urlTemplate\":\"https:\\\/\\\/formcare.ch\\\/shop\\\/?s={search_term_string}\"},\"query-input\":{\"@type\":\"PropertyValueSpecification\",\"valueRequired\":true,\"valueName\":\"search_term_string\"}}],\"inLanguage\":\"de\"},{\"@type\":\"Organization\",\"@id\":\"https:\\\/\\\/formcare.ch\\\/shop\\\/#organization\",\"name\":\"Formcare GmbH - Shop\",\"url\":\"https:\\\/\\\/formcare.ch\\\/shop\\\/\",\"logo\":{\"@type\":\"ImageObject\",\"inLanguage\":\"de\",\"@id\":\"https:\\\/\\\/formcare.ch\\\/shop\\\/#\\\/schema\\\/logo\\\/image\\\/\",\"url\":\"https:\\\/\\\/formcare.ch\\\/shop\\\/wp-content\\\/uploads\\\/2021\\\/10\\\/formcare_logo_quer.png\",\"contentUrl\":\"https:\\\/\\\/formcare.ch\\\/shop\\\/wp-content\\\/uploads\\\/2021\\\/10\\\/formcare_logo_quer.png\",\"width\":473,\"height\":118,\"caption\":\"Formcare GmbH - Shop\"},\"image\":{\"@id\":\"https:\\\/\\\/formcare.ch\\\/shop\\\/#\\\/schema\\\/logo\\\/image\\\/\"},\"sameAs\":[\"https:\\\/\\\/www.facebook.com\\\/azenhaeusern\\\/photos\\\/\",\"https:\\\/\\\/x.com\\\/formcare\"]}]}<\/script>\n<!-- \/ Yoast SEO plugin. -->","yoast_head_json":{"title":"Schutzmaske - Formcare GmbH - Shop - Shop","description":"Kaufen Sie jetzt die Schutzmaske mit individuellem Druck. Die Schutzmaske wird mit dem Sublimationsverfahren von Formcare GmbH bedruckt.","robots":{"index":"index","follow":"follow","max-snippet":"max-snippet:-1","max-image-preview":"max-image-preview:large","max-video-preview":"max-video-preview:-1"},"canonical":"https:\/\/formcare.ch\/shop\/produkt\/schutzmaske\/","og_locale":"de_DE","og_type":"article","og_title":"Schutzmaske - Formcare GmbH - Shop - Shop","og_description":"Kaufen Sie jetzt die Schutzmaske mit individuellem Druck. Die Schutzmaske wird mit dem Sublimationsverfahren von Formcare GmbH bedruckt.","og_url":"https:\/\/formcare.ch\/shop\/produkt\/schutzmaske\/","og_site_name":"Formcare GmbH - Shop","article_publisher":"https:\/\/www.facebook.com\/azenhaeusern\/photos\/","article_modified_time":"2023-02-08T09:59:14+00:00","og_image":[{"width":1440,"height":1920,"url":"https:\/\/formcare.ch\/shop\/wp-content\/uploads\/2020\/07\/schutzmaske.webp","type":"image\/webp"}],"twitter_card":"summary_large_image","twitter_site":"@formcare","twitter_misc":{"Gesch\u00e4tzte Lesezeit":"2\u00a0Minuten"},"schema":{"@context":"https:\/\/schema.org","@graph":[{"@type":"WebPage","@id":"https:\/\/formcare.ch\/shop\/produkt\/schutzmaske\/","url":"https:\/\/formcare.ch\/shop\/produkt\/schutzmaske\/","name":"Schutzmaske - Formcare GmbH - Shop - Shop","isPartOf":{"@id":"https:\/\/formcare.ch\/shop\/#website"},"primaryImageOfPage":{"@id":"https:\/\/formcare.ch\/shop\/produkt\/schutzmaske\/#primaryimage"},"image":{"@id":"https:\/\/formcare.ch\/shop\/produkt\/schutzmaske\/#primaryimage"},"thumbnailUrl":"https:\/\/formcare.ch\/shop\/wp-content\/uploads\/2020\/07\/schutzmaske.webp","datePublished":"2020-07-03T05:25:12+00:00","dateModified":"2023-02-08T09:59:14+00:00","description":"Kaufen Sie jetzt die Schutzmaske mit individuellem Druck. Die Schutzmaske wird mit dem Sublimationsverfahren von Formcare GmbH bedruckt.","breadcrumb":{"@id":"https:\/\/formcare.ch\/shop\/produkt\/schutzmaske\/#breadcrumb"},"inLanguage":"de","potentialAction":[{"@type":"ReadAction","target":["https:\/\/formcare.ch\/shop\/produkt\/schutzmaske\/"]}]},{"@type":"ImageObject","inLanguage":"de","@id":"https:\/\/formcare.ch\/shop\/produkt\/schutzmaske\/#primaryimage","url":"https:\/\/formcare.ch\/shop\/wp-content\/uploads\/2020\/07\/schutzmaske.webp","contentUrl":"https:\/\/formcare.ch\/shop\/wp-content\/uploads\/2020\/07\/schutzmaske.webp","width":1440,"height":1920,"caption":"Schutzmaske"},{"@type":"BreadcrumbList","@id":"https:\/\/formcare.ch\/shop\/produkt\/schutzmaske\/#breadcrumb","itemListElement":[{"@type":"ListItem","position":1,"name":"Startseite","item":"https:\/\/formcare.ch\/shop\/"},{"@type":"ListItem","position":2,"name":"Shop","item":"https:\/\/formcare.ch\/shop\/shop\/"},{"@type":"ListItem","position":3,"name":"Schutzmaske"}]},{"@type":"WebSite","@id":"https:\/\/formcare.ch\/shop\/#website","url":"https:\/\/formcare.ch\/shop\/","name":"Formcare GmbH - Shop","description":"Bekleidung","publisher":{"@id":"https:\/\/formcare.ch\/shop\/#organization"},"potentialAction":[{"@type":"SearchAction","target":{"@type":"EntryPoint","urlTemplate":"https:\/\/formcare.ch\/shop\/?s={search_term_string}"},"query-input":{"@type":"PropertyValueSpecification","valueRequired":true,"valueName":"search_term_string"}}],"inLanguage":"de"},{"@type":"Organization","@id":"https:\/\/formcare.ch\/shop\/#organization","name":"Formcare GmbH - Shop","url":"https:\/\/formcare.ch\/shop\/","logo":{"@type":"ImageObject","inLanguage":"de","@id":"https:\/\/formcare.ch\/shop\/#\/schema\/logo\/image\/","url":"https:\/\/formcare.ch\/shop\/wp-content\/uploads\/2021\/10\/formcare_logo_quer.png","contentUrl":"https:\/\/formcare.ch\/shop\/wp-content\/uploads\/2021\/10\/formcare_logo_quer.png","width":473,"height":118,"caption":"Formcare GmbH - Shop"},"image":{"@id":"https:\/\/formcare.ch\/shop\/#\/schema\/logo\/image\/"},"sameAs":["https:\/\/www.facebook.com\/azenhaeusern\/photos\/","https:\/\/x.com\/formcare"]}]}},"_links":{"self":[{"href":"https:\/\/formcare.ch\/shop\/wp-json\/wp\/v2\/product\/2015","targetHints":{"allow":["GET"]}}],"collection":[{"href":"https:\/\/formcare.ch\/shop\/wp-json\/wp\/v2\/product"}],"about":[{"href":"https:\/\/formcare.ch\/shop\/wp-json\/wp\/v2\/types\/product"}],"replies":[{"embeddable":true,"href":"https:\/\/formcare.ch\/shop\/wp-json\/wp\/v2\/comments?post=2015"}],"version-history":[{"count":1,"href":"https:\/\/formcare.ch\/shop\/wp-json\/wp\/v2\/product\/2015\/revisions"}],"predecessor-version":[{"id":2710,"href":"https:\/\/formcare.ch\/shop\/wp-json\/wp\/v2\/product\/2015\/revisions\/2710"}],"wp:featuredmedia":[{"embeddable":true,"href":"https:\/\/formcare.ch\/shop\/wp-json\/wp\/v2\/media\/2587"}],"wp:attachment":[{"href":"https:\/\/formcare.ch\/shop\/wp-json\/wp\/v2\/media?parent=2015"}],"wp:term":[{"taxonomy":"product_brand","embeddable":true,"href":"https:\/\/formcare.ch\/shop\/wp-json\/wp\/v2\/product_brand?post=2015"},{"taxonomy":"product_cat","embeddable":true,"href":"https:\/\/formcare.ch\/shop\/wp-json\/wp\/v2\/product_cat?post=2015"},{"taxonomy":"product_tag","embeddable":true,"href":"https:\/\/formcare.ch\/shop\/wp-json\/wp\/v2\/product_tag?post=2015"}],"curies":[{"name":"wp","href":"https:\/\/api.w.org\/{rel}","templated":true}]}}