{"id":1554,"date":"2020-04-06T08:37:38","date_gmt":"2020-04-06T08:37:38","guid":{"rendered":"https:\/\/formcare.ch\/shop\/produkt\/kissen-individuell-gestalten\/"},"modified":"2023-02-08T10:01:14","modified_gmt":"2023-02-08T10:01:14","slug":"kissen-individuell-gestalten","status":"publish","type":"product","link":"https:\/\/formcare.ch\/shop\/produkt\/kissen-individuell-gestalten\/","title":{"rendered":"Kissen"},"content":{"rendered":"<p><strong>Kissen individuell gestalten<br \/>\n<\/strong>M\u00f6chten Sie jemandem ein ausgefallenes Geschenk machen? Dann erstellen Sie ihr individuell gestaltetes Kissen von Formcare GmbH.<\/p>\n<p>&#8211; Wei\u00dfe, satinierte Kissenbez\u00fcge<br \/>\n&#8211; 100% Polyester<br \/>\n&#8211; Feine Oberfl\u00e4che<br \/>\n&#8211; Mit Rei\u00dfverschluss, N\u00e4hte gek\u00e4ndelt<\/p>\n","protected":false},"excerpt":{"rendered":"<p>Kissen individuell gestalten M\u00f6chten Sie jemandem ein ausgefallenes Geschenk machen? Dann erstellen Sie ihr individuell gestaltetes Kissen von Formcare GmbH. &#8211; Wei\u00dfe, satinierte Kissenbez\u00fcge &#8211; 100% Polyester &#8211; Feine Oberfl\u00e4che &#8211; Mit Rei\u00dfverschluss, N\u00e4hte gek\u00e4ndelt<\/p>\n","protected":false},"featured_media":2582,"comment_status":"open","ping_status":"closed","template":"","meta":{"site-sidebar-layout":"default","site-content-layout":"default","ast-site-content-layout":"default","site-content-style":"default","site-sidebar-style":"default","ast-global-header-display":"","ast-banner-title-visibility":"","ast-main-header-display":"","ast-hfb-above-header-display":"","ast-hfb-below-header-display":"","ast-hfb-mobile-header-display":"","site-post-title":"","ast-breadcrumbs-content":"","ast-featured-img":"","footer-sml-layout":"","ast-disable-related-posts":"","theme-transparent-header-meta":"default","adv-header-id-meta":"","stick-header-meta":"","header-above-stick-meta":"","header-main-stick-meta":"","header-below-stick-meta":"","astra-migrate-meta-layouts":"default","ast-page-background-enabled":"default","ast-page-background-meta":{"desktop":{"background-color":"","background-image":"","background-repeat":"repeat","background-position":"center center","background-size":"auto","background-attachment":"scroll","background-type":"","background-media":"","overlay-type":"","overlay-color":"","overlay-opacity":"","overlay-gradient":""},"tablet":{"background-color":"","background-image":"","background-repeat":"repeat","background-position":"center center","background-size":"auto","background-attachment":"scroll","background-type":"","background-media":"","overlay-type":"","overlay-color":"","overlay-opacity":"","overlay-gradient":""},"mobile":{"background-color":"","background-image":"","background-repeat":"repeat","background-position":"center center","background-size":"auto","background-attachment":"scroll","background-type":"","background-media":"","overlay-type":"","overlay-color":"","overlay-opacity":"","overlay-gradient":""}},"ast-content-background-meta":{"desktop":{"background-color":"var(--ast-global-color-5)","background-image":"","background-repeat":"repeat","background-position":"center center","background-size":"auto","background-attachment":"scroll","background-type":"","background-media":"","overlay-type":"","overlay-color":"","overlay-opacity":"","overlay-gradient":""},"tablet":{"background-color":"var(--ast-global-color-5)","background-image":"","background-repeat":"repeat","background-position":"center center","background-size":"auto","background-attachment":"scroll","background-type":"","background-media":"","overlay-type":"","overlay-color":"","overlay-opacity":"","overlay-gradient":""},"mobile":{"background-color":"var(--ast-global-color-5)","background-image":"","background-repeat":"repeat","background-position":"center center","background-size":"auto","background-attachment":"scroll","background-type":"","background-media":"","overlay-type":"","overlay-color":"","overlay-opacity":"","overlay-gradient":""}}},"product_brand":[],"product_cat":[55,45],"product_tag":[],"class_list":{"0":"post-1554","1":"product","2":"type-product","3":"status-publish","4":"has-post-thumbnail","6":"product_cat-allerlei","7":"product_cat-kissen","8":"product_shipping_class-36","9":"desktop-align-left","10":"tablet-align-left","11":"mobile-align-left","12":"ast-product-gallery-layout-vertical","13":"ast-product-gallery-with-no-image","14":"ast-product-single-variable","15":"ast-product-tabs-layout-vertical","16":"ast-qv-on-image","18":"first","19":"instock","20":"shipping-taxable","21":"purchasable","22":"product-type-variable","23":"has-default-attributes"},"exclude_global_add_ons":false,"addons":[{"name":"Bild hochladen","type":"file_upload","position":0,"required":true,"title_format":"label","default":"","description_enable":true,"description":"Laden Sie bitte das Bild hoch, dass Sie aufdrucken m\u00f6chten.","placeholder_enable":false,"placeholder":"","display":"select","restrictions_type":"any_text","adjust_price":false,"price":"","price_type":"flat_fee","restrictions":false,"min":"0","max":"0","options":[],"id":1669036439}],"yoast_head":"<!-- This site is optimized with the Yoast SEO plugin v27.4 - https:\/\/yoast.com\/product\/yoast-seo-wordpress\/ -->\n<title>Kissen - Formcare GmbH - Shop<\/title>\n<meta name=\"description\" content=\"Gestalten Sie ihr Kissen individuell. Das Kissen wird mit Sublimationsdruck bedruckt. Laden Sie Ihr Wunsch-Design hoch und beschenken sie Freunde.\" \/>\n<meta name=\"robots\" content=\"index, follow, max-snippet:-1, max-image-preview:large, max-video-preview:-1\" \/>\n<link rel=\"canonical\" href=\"https:\/\/formcare.ch\/shop\/produkt\/kissen-individuell-gestalten\/\" \/>\n<meta property=\"og:locale\" content=\"de_DE\" \/>\n<meta property=\"og:type\" content=\"article\" \/>\n<meta property=\"og:title\" content=\"Kissen - Formcare GmbH - Shop\" \/>\n<meta property=\"og:description\" content=\"Gestalten Sie ihr Kissen individuell. Das Kissen wird mit Sublimationsdruck bedruckt. Laden Sie Ihr Wunsch-Design hoch und beschenken sie Freunde.\" \/>\n<meta property=\"og:url\" content=\"https:\/\/formcare.ch\/shop\/produkt\/kissen-individuell-gestalten\/\" \/>\n<meta property=\"og:site_name\" content=\"Formcare GmbH - Shop\" \/>\n<meta property=\"article:publisher\" content=\"https:\/\/www.facebook.com\/azenhaeusern\/photos\/\" \/>\n<meta property=\"article:modified_time\" content=\"2023-02-08T10:01:14+00:00\" \/>\n<meta property=\"og:image\" content=\"https:\/\/formcare.ch\/shop\/wp-content\/uploads\/2020\/04\/pillow.webp\" \/>\n\t<meta property=\"og:image:width\" content=\"1440\" \/>\n\t<meta property=\"og:image:height\" content=\"1920\" \/>\n\t<meta property=\"og:image:type\" content=\"image\/webp\" \/>\n<meta name=\"twitter:card\" content=\"summary_large_image\" \/>\n<meta name=\"twitter:site\" content=\"@formcare\" \/>\n<meta name=\"twitter:label1\" content=\"Gesch\u00e4tzte Lesezeit\" \/>\n\t<meta name=\"twitter:data1\" content=\"1\u00a0Minute\" \/>\n<script type=\"application\/ld+json\" class=\"yoast-schema-graph\">{\"@context\":\"https:\\\/\\\/schema.org\",\"@graph\":[{\"@type\":\"WebPage\",\"@id\":\"https:\\\/\\\/formcare.ch\\\/shop\\\/produkt\\\/kissen-individuell-gestalten\\\/\",\"url\":\"https:\\\/\\\/formcare.ch\\\/shop\\\/produkt\\\/kissen-individuell-gestalten\\\/\",\"name\":\"Kissen - Formcare GmbH - Shop\",\"isPartOf\":{\"@id\":\"https:\\\/\\\/formcare.ch\\\/shop\\\/#website\"},\"primaryImageOfPage\":{\"@id\":\"https:\\\/\\\/formcare.ch\\\/shop\\\/produkt\\\/kissen-individuell-gestalten\\\/#primaryimage\"},\"image\":{\"@id\":\"https:\\\/\\\/formcare.ch\\\/shop\\\/produkt\\\/kissen-individuell-gestalten\\\/#primaryimage\"},\"thumbnailUrl\":\"https:\\\/\\\/formcare.ch\\\/shop\\\/wp-content\\\/uploads\\\/2020\\\/04\\\/pillow.webp\",\"datePublished\":\"2020-04-06T08:37:38+00:00\",\"dateModified\":\"2023-02-08T10:01:14+00:00\",\"description\":\"Gestalten Sie ihr Kissen individuell. Das Kissen wird mit Sublimationsdruck bedruckt. Laden Sie Ihr Wunsch-Design hoch und beschenken sie Freunde.\",\"breadcrumb\":{\"@id\":\"https:\\\/\\\/formcare.ch\\\/shop\\\/produkt\\\/kissen-individuell-gestalten\\\/#breadcrumb\"},\"inLanguage\":\"de\",\"potentialAction\":[{\"@type\":\"ReadAction\",\"target\":[\"https:\\\/\\\/formcare.ch\\\/shop\\\/produkt\\\/kissen-individuell-gestalten\\\/\"]}]},{\"@type\":\"ImageObject\",\"inLanguage\":\"de\",\"@id\":\"https:\\\/\\\/formcare.ch\\\/shop\\\/produkt\\\/kissen-individuell-gestalten\\\/#primaryimage\",\"url\":\"https:\\\/\\\/formcare.ch\\\/shop\\\/wp-content\\\/uploads\\\/2020\\\/04\\\/pillow.webp\",\"contentUrl\":\"https:\\\/\\\/formcare.ch\\\/shop\\\/wp-content\\\/uploads\\\/2020\\\/04\\\/pillow.webp\",\"width\":1440,\"height\":1920,\"caption\":\"Kissen\"},{\"@type\":\"BreadcrumbList\",\"@id\":\"https:\\\/\\\/formcare.ch\\\/shop\\\/produkt\\\/kissen-individuell-gestalten\\\/#breadcrumb\",\"itemListElement\":[{\"@type\":\"ListItem\",\"position\":1,\"name\":\"Startseite\",\"item\":\"https:\\\/\\\/formcare.ch\\\/shop\\\/\"},{\"@type\":\"ListItem\",\"position\":2,\"name\":\"Shop\",\"item\":\"https:\\\/\\\/formcare.ch\\\/shop\\\/shop\\\/\"},{\"@type\":\"ListItem\",\"position\":3,\"name\":\"Kissen\"}]},{\"@type\":\"WebSite\",\"@id\":\"https:\\\/\\\/formcare.ch\\\/shop\\\/#website\",\"url\":\"https:\\\/\\\/formcare.ch\\\/shop\\\/\",\"name\":\"Formcare GmbH - Shop\",\"description\":\"Bekleidung\",\"publisher\":{\"@id\":\"https:\\\/\\\/formcare.ch\\\/shop\\\/#organization\"},\"potentialAction\":[{\"@type\":\"SearchAction\",\"target\":{\"@type\":\"EntryPoint\",\"urlTemplate\":\"https:\\\/\\\/formcare.ch\\\/shop\\\/?s={search_term_string}\"},\"query-input\":{\"@type\":\"PropertyValueSpecification\",\"valueRequired\":true,\"valueName\":\"search_term_string\"}}],\"inLanguage\":\"de\"},{\"@type\":\"Organization\",\"@id\":\"https:\\\/\\\/formcare.ch\\\/shop\\\/#organization\",\"name\":\"Formcare GmbH - Shop\",\"url\":\"https:\\\/\\\/formcare.ch\\\/shop\\\/\",\"logo\":{\"@type\":\"ImageObject\",\"inLanguage\":\"de\",\"@id\":\"https:\\\/\\\/formcare.ch\\\/shop\\\/#\\\/schema\\\/logo\\\/image\\\/\",\"url\":\"https:\\\/\\\/formcare.ch\\\/shop\\\/wp-content\\\/uploads\\\/2021\\\/10\\\/formcare_logo_quer.png\",\"contentUrl\":\"https:\\\/\\\/formcare.ch\\\/shop\\\/wp-content\\\/uploads\\\/2021\\\/10\\\/formcare_logo_quer.png\",\"width\":473,\"height\":118,\"caption\":\"Formcare GmbH - Shop\"},\"image\":{\"@id\":\"https:\\\/\\\/formcare.ch\\\/shop\\\/#\\\/schema\\\/logo\\\/image\\\/\"},\"sameAs\":[\"https:\\\/\\\/www.facebook.com\\\/azenhaeusern\\\/photos\\\/\",\"https:\\\/\\\/x.com\\\/formcare\"]}]}<\/script>\n<!-- \/ Yoast SEO plugin. -->","yoast_head_json":{"title":"Kissen - Formcare GmbH - Shop","description":"Gestalten Sie ihr Kissen individuell. Das Kissen wird mit Sublimationsdruck bedruckt. Laden Sie Ihr Wunsch-Design hoch und beschenken sie Freunde.","robots":{"index":"index","follow":"follow","max-snippet":"max-snippet:-1","max-image-preview":"max-image-preview:large","max-video-preview":"max-video-preview:-1"},"canonical":"https:\/\/formcare.ch\/shop\/produkt\/kissen-individuell-gestalten\/","og_locale":"de_DE","og_type":"article","og_title":"Kissen - Formcare GmbH - Shop","og_description":"Gestalten Sie ihr Kissen individuell. Das Kissen wird mit Sublimationsdruck bedruckt. Laden Sie Ihr Wunsch-Design hoch und beschenken sie Freunde.","og_url":"https:\/\/formcare.ch\/shop\/produkt\/kissen-individuell-gestalten\/","og_site_name":"Formcare GmbH - Shop","article_publisher":"https:\/\/www.facebook.com\/azenhaeusern\/photos\/","article_modified_time":"2023-02-08T10:01:14+00:00","og_image":[{"width":1440,"height":1920,"url":"https:\/\/formcare.ch\/shop\/wp-content\/uploads\/2020\/04\/pillow.webp","type":"image\/webp"}],"twitter_card":"summary_large_image","twitter_site":"@formcare","twitter_misc":{"Gesch\u00e4tzte Lesezeit":"1\u00a0Minute"},"schema":{"@context":"https:\/\/schema.org","@graph":[{"@type":"WebPage","@id":"https:\/\/formcare.ch\/shop\/produkt\/kissen-individuell-gestalten\/","url":"https:\/\/formcare.ch\/shop\/produkt\/kissen-individuell-gestalten\/","name":"Kissen - Formcare GmbH - Shop","isPartOf":{"@id":"https:\/\/formcare.ch\/shop\/#website"},"primaryImageOfPage":{"@id":"https:\/\/formcare.ch\/shop\/produkt\/kissen-individuell-gestalten\/#primaryimage"},"image":{"@id":"https:\/\/formcare.ch\/shop\/produkt\/kissen-individuell-gestalten\/#primaryimage"},"thumbnailUrl":"https:\/\/formcare.ch\/shop\/wp-content\/uploads\/2020\/04\/pillow.webp","datePublished":"2020-04-06T08:37:38+00:00","dateModified":"2023-02-08T10:01:14+00:00","description":"Gestalten Sie ihr Kissen individuell. Das Kissen wird mit Sublimationsdruck bedruckt. Laden Sie Ihr Wunsch-Design hoch und beschenken sie Freunde.","breadcrumb":{"@id":"https:\/\/formcare.ch\/shop\/produkt\/kissen-individuell-gestalten\/#breadcrumb"},"inLanguage":"de","potentialAction":[{"@type":"ReadAction","target":["https:\/\/formcare.ch\/shop\/produkt\/kissen-individuell-gestalten\/"]}]},{"@type":"ImageObject","inLanguage":"de","@id":"https:\/\/formcare.ch\/shop\/produkt\/kissen-individuell-gestalten\/#primaryimage","url":"https:\/\/formcare.ch\/shop\/wp-content\/uploads\/2020\/04\/pillow.webp","contentUrl":"https:\/\/formcare.ch\/shop\/wp-content\/uploads\/2020\/04\/pillow.webp","width":1440,"height":1920,"caption":"Kissen"},{"@type":"BreadcrumbList","@id":"https:\/\/formcare.ch\/shop\/produkt\/kissen-individuell-gestalten\/#breadcrumb","itemListElement":[{"@type":"ListItem","position":1,"name":"Startseite","item":"https:\/\/formcare.ch\/shop\/"},{"@type":"ListItem","position":2,"name":"Shop","item":"https:\/\/formcare.ch\/shop\/shop\/"},{"@type":"ListItem","position":3,"name":"Kissen"}]},{"@type":"WebSite","@id":"https:\/\/formcare.ch\/shop\/#website","url":"https:\/\/formcare.ch\/shop\/","name":"Formcare GmbH - Shop","description":"Bekleidung","publisher":{"@id":"https:\/\/formcare.ch\/shop\/#organization"},"potentialAction":[{"@type":"SearchAction","target":{"@type":"EntryPoint","urlTemplate":"https:\/\/formcare.ch\/shop\/?s={search_term_string}"},"query-input":{"@type":"PropertyValueSpecification","valueRequired":true,"valueName":"search_term_string"}}],"inLanguage":"de"},{"@type":"Organization","@id":"https:\/\/formcare.ch\/shop\/#organization","name":"Formcare GmbH - Shop","url":"https:\/\/formcare.ch\/shop\/","logo":{"@type":"ImageObject","inLanguage":"de","@id":"https:\/\/formcare.ch\/shop\/#\/schema\/logo\/image\/","url":"https:\/\/formcare.ch\/shop\/wp-content\/uploads\/2021\/10\/formcare_logo_quer.png","contentUrl":"https:\/\/formcare.ch\/shop\/wp-content\/uploads\/2021\/10\/formcare_logo_quer.png","width":473,"height":118,"caption":"Formcare GmbH - Shop"},"image":{"@id":"https:\/\/formcare.ch\/shop\/#\/schema\/logo\/image\/"},"sameAs":["https:\/\/www.facebook.com\/azenhaeusern\/photos\/","https:\/\/x.com\/formcare"]}]}},"_links":{"self":[{"href":"https:\/\/formcare.ch\/shop\/wp-json\/wp\/v2\/product\/1554","targetHints":{"allow":["GET"]}}],"collection":[{"href":"https:\/\/formcare.ch\/shop\/wp-json\/wp\/v2\/product"}],"about":[{"href":"https:\/\/formcare.ch\/shop\/wp-json\/wp\/v2\/types\/product"}],"replies":[{"embeddable":true,"href":"https:\/\/formcare.ch\/shop\/wp-json\/wp\/v2\/comments?post=1554"}],"version-history":[{"count":2,"href":"https:\/\/formcare.ch\/shop\/wp-json\/wp\/v2\/product\/1554\/revisions"}],"predecessor-version":[{"id":2691,"href":"https:\/\/formcare.ch\/shop\/wp-json\/wp\/v2\/product\/1554\/revisions\/2691"}],"wp:featuredmedia":[{"embeddable":true,"href":"https:\/\/formcare.ch\/shop\/wp-json\/wp\/v2\/media\/2582"}],"wp:attachment":[{"href":"https:\/\/formcare.ch\/shop\/wp-json\/wp\/v2\/media?parent=1554"}],"wp:term":[{"taxonomy":"product_brand","embeddable":true,"href":"https:\/\/formcare.ch\/shop\/wp-json\/wp\/v2\/product_brand?post=1554"},{"taxonomy":"product_cat","embeddable":true,"href":"https:\/\/formcare.ch\/shop\/wp-json\/wp\/v2\/product_cat?post=1554"},{"taxonomy":"product_tag","embeddable":true,"href":"https:\/\/formcare.ch\/shop\/wp-json\/wp\/v2\/product_tag?post=1554"}],"curies":[{"name":"wp","href":"https:\/\/api.w.org\/{rel}","templated":true}]}}