{"id":1490,"date":"2020-04-03T07:57:04","date_gmt":"2020-04-03T07:57:04","guid":{"rendered":"https:\/\/formcare.ch\/shop\/produkt\/puzzle-individuell-gestalten\/"},"modified":"2022-07-31T13:06:26","modified_gmt":"2022-07-31T13:06:26","slug":"puzzle-individuell-gestalten","status":"publish","type":"product","link":"https:\/\/formcare.ch\/shop\/produkt\/puzzle-individuell-gestalten\/","title":{"rendered":"Puzzle"},"content":{"rendered":"<p><strong>Puzzle individuell gestalten<br \/>\n<\/strong>M\u00f6chten Sie jemandem ein ausgefallenes Geschenk machen? Dann erstellen Sie ihr individuell gestaltetes Puzzle mit Ihrem Wunsch-Design von Formcare GmbH.<\/p>\n<div>\n<div><span style=\"color: #ff0000;\">&#8222;Gem\u00e4\u00df Spielzeugrichtlinie nicht f\u00fcr Kinder unter 3 Jahren geeignet&#8220;<\/span><\/div>\n<\/div>\n<div><\/div>\n<div>Freizeitspass f\u00fcr alle Anspr\u00fcche<br \/>\nKleine Puzzles mit gro\u00dfen Teilen und gro\u00dfe Puzzles mit vielen kleinen Teilen: Mit einem pers\u00f6nlichen Motiv darauf macht das Puzzlen allen noch mehr Spa\u00df. Fester Karton und wei\u00dfe, gl\u00e4nzende Oberfl\u00e4che in hochwertiger Qualit\u00e4t.<\/div>\n<div><\/div>\n<div>&#8211; besonders stabile und langlebige Qualit\u00e4t f\u00fcr langen Puzzlespa\u00df<br \/>\n&#8211; Wei\u00dfe, seidengl\u00e4nzende Oberfl\u00e4che<br \/>\n&#8211; 2 mm stark<\/div>\n","protected":false},"excerpt":{"rendered":"<p>Puzzle individuell gestalten M\u00f6chten Sie jemandem ein ausgefallenes Geschenk machen? Dann erstellen Sie ihr individuell gestaltetes Puzzle mit Ihrem Wunsch-Design von Formcare GmbH. &#8222;Gem\u00e4\u00df Spielzeugrichtlinie nicht f\u00fcr Kinder unter 3 Jahren geeignet&#8220; Freizeitspass f\u00fcr alle Anspr\u00fcche Kleine Puzzles mit gro\u00dfen Teilen und gro\u00dfe Puzzles mit vielen kleinen Teilen: Mit einem pers\u00f6nlichen Motiv darauf macht das [&hellip;]<\/p>\n","protected":false},"featured_media":2586,"comment_status":"open","ping_status":"closed","template":"","meta":{"site-sidebar-layout":"default","site-content-layout":"default","ast-site-content-layout":"default","site-content-style":"default","site-sidebar-style":"default","ast-global-header-display":"","ast-banner-title-visibility":"","ast-main-header-display":"","ast-hfb-above-header-display":"","ast-hfb-below-header-display":"","ast-hfb-mobile-header-display":"","site-post-title":"","ast-breadcrumbs-content":"","ast-featured-img":"","footer-sml-layout":"","ast-disable-related-posts":"","theme-transparent-header-meta":"default","adv-header-id-meta":"","stick-header-meta":"","header-above-stick-meta":"","header-main-stick-meta":"","header-below-stick-meta":"","astra-migrate-meta-layouts":"default","ast-page-background-enabled":"default","ast-page-background-meta":{"desktop":{"background-color":"","background-image":"","background-repeat":"repeat","background-position":"center center","background-size":"auto","background-attachment":"scroll","background-type":"","background-media":"","overlay-type":"","overlay-color":"","overlay-opacity":"","overlay-gradient":""},"tablet":{"background-color":"","background-image":"","background-repeat":"repeat","background-position":"center center","background-size":"auto","background-attachment":"scroll","background-type":"","background-media":"","overlay-type":"","overlay-color":"","overlay-opacity":"","overlay-gradient":""},"mobile":{"background-color":"","background-image":"","background-repeat":"repeat","background-position":"center center","background-size":"auto","background-attachment":"scroll","background-type":"","background-media":"","overlay-type":"","overlay-color":"","overlay-opacity":"","overlay-gradient":""}},"ast-content-background-meta":{"desktop":{"background-color":"var(--ast-global-color-5)","background-image":"","background-repeat":"repeat","background-position":"center center","background-size":"auto","background-attachment":"scroll","background-type":"","background-media":"","overlay-type":"","overlay-color":"","overlay-opacity":"","overlay-gradient":""},"tablet":{"background-color":"var(--ast-global-color-5)","background-image":"","background-repeat":"repeat","background-position":"center center","background-size":"auto","background-attachment":"scroll","background-type":"","background-media":"","overlay-type":"","overlay-color":"","overlay-opacity":"","overlay-gradient":""},"mobile":{"background-color":"var(--ast-global-color-5)","background-image":"","background-repeat":"repeat","background-position":"center center","background-size":"auto","background-attachment":"scroll","background-type":"","background-media":"","overlay-type":"","overlay-color":"","overlay-opacity":"","overlay-gradient":""}}},"product_brand":[],"product_cat":[55,38],"product_tag":[],"class_list":{"0":"post-1490","1":"product","2":"type-product","3":"status-publish","4":"has-post-thumbnail","6":"product_cat-allerlei","7":"product_cat-puzzle","8":"product_shipping_class-49","9":"desktop-align-left","10":"tablet-align-left","11":"mobile-align-left","12":"ast-product-gallery-layout-vertical","13":"ast-product-gallery-with-no-image","14":"ast-product-tabs-layout-vertical","15":"ast-qv-on-image","17":"first","18":"instock","19":"shipping-taxable","20":"purchasable","21":"product-type-simple"},"exclude_global_add_ons":false,"addons":[{"name":"Bild hochladen","type":"file_upload","position":0,"required":true,"title_format":"label","default":"","description_enable":true,"description":"Laden Sie bitte das Bild hoch, dass Sie aufdrucken m\u00f6chten.","placeholder_enable":false,"placeholder":"","display":"select","restrictions_type":"any_text","adjust_price":false,"price":"","price_type":"flat_fee","restrictions":false,"min":"0","max":"0","options":[]}],"yoast_head":"<!-- This site is optimized with the Yoast SEO plugin v27.4 - https:\/\/yoast.com\/product\/yoast-seo-wordpress\/ -->\n<title>Puzzle - Formcare GmbH - Shop<\/title>\n<meta name=\"description\" content=\"Gestalten Sie ihr Puzzle individuell. Das Puzzle ist in verschiedenen Gr\u00f6ssen erh\u00e4ltlich. Laden Sie Ihr Wunsch-Design hoch.\" \/>\n<meta name=\"robots\" content=\"index, follow, max-snippet:-1, max-image-preview:large, max-video-preview:-1\" \/>\n<link rel=\"canonical\" href=\"https:\/\/formcare.ch\/shop\/produkt\/puzzle-individuell-gestalten\/\" \/>\n<meta property=\"og:locale\" content=\"de_DE\" \/>\n<meta property=\"og:type\" content=\"article\" \/>\n<meta property=\"og:title\" content=\"Puzzle - Formcare GmbH - Shop\" \/>\n<meta property=\"og:description\" content=\"Gestalten Sie ihr Puzzle individuell. Das Puzzle ist in verschiedenen Gr\u00f6ssen erh\u00e4ltlich. Laden Sie Ihr Wunsch-Design hoch.\" \/>\n<meta property=\"og:url\" content=\"https:\/\/formcare.ch\/shop\/produkt\/puzzle-individuell-gestalten\/\" \/>\n<meta property=\"og:site_name\" content=\"Formcare GmbH - Shop\" \/>\n<meta property=\"article:publisher\" content=\"https:\/\/www.facebook.com\/azenhaeusern\/photos\/\" \/>\n<meta property=\"article:modified_time\" content=\"2022-07-31T13:06:26+00:00\" \/>\n<meta property=\"og:image\" content=\"https:\/\/formcare.ch\/shop\/wp-content\/uploads\/2020\/04\/puzzle.webp\" \/>\n\t<meta property=\"og:image:width\" content=\"1920\" \/>\n\t<meta property=\"og:image:height\" content=\"1370\" \/>\n\t<meta property=\"og:image:type\" content=\"image\/webp\" \/>\n<meta name=\"twitter:card\" content=\"summary_large_image\" \/>\n<meta name=\"twitter:site\" content=\"@formcare\" \/>\n<meta name=\"twitter:label1\" content=\"Gesch\u00e4tzte Lesezeit\" \/>\n\t<meta name=\"twitter:data1\" content=\"1\u00a0Minute\" \/>\n<script type=\"application\/ld+json\" class=\"yoast-schema-graph\">{\"@context\":\"https:\\\/\\\/schema.org\",\"@graph\":[{\"@type\":\"WebPage\",\"@id\":\"https:\\\/\\\/formcare.ch\\\/shop\\\/produkt\\\/puzzle-individuell-gestalten\\\/\",\"url\":\"https:\\\/\\\/formcare.ch\\\/shop\\\/produkt\\\/puzzle-individuell-gestalten\\\/\",\"name\":\"Puzzle - Formcare GmbH - Shop\",\"isPartOf\":{\"@id\":\"https:\\\/\\\/formcare.ch\\\/shop\\\/#website\"},\"primaryImageOfPage\":{\"@id\":\"https:\\\/\\\/formcare.ch\\\/shop\\\/produkt\\\/puzzle-individuell-gestalten\\\/#primaryimage\"},\"image\":{\"@id\":\"https:\\\/\\\/formcare.ch\\\/shop\\\/produkt\\\/puzzle-individuell-gestalten\\\/#primaryimage\"},\"thumbnailUrl\":\"https:\\\/\\\/formcare.ch\\\/shop\\\/wp-content\\\/uploads\\\/2020\\\/04\\\/puzzle.webp\",\"datePublished\":\"2020-04-03T07:57:04+00:00\",\"dateModified\":\"2022-07-31T13:06:26+00:00\",\"description\":\"Gestalten Sie ihr Puzzle individuell. Das Puzzle ist in verschiedenen Gr\u00f6ssen erh\u00e4ltlich. Laden Sie Ihr Wunsch-Design hoch.\",\"breadcrumb\":{\"@id\":\"https:\\\/\\\/formcare.ch\\\/shop\\\/produkt\\\/puzzle-individuell-gestalten\\\/#breadcrumb\"},\"inLanguage\":\"de\",\"potentialAction\":[{\"@type\":\"ReadAction\",\"target\":[\"https:\\\/\\\/formcare.ch\\\/shop\\\/produkt\\\/puzzle-individuell-gestalten\\\/\"]}]},{\"@type\":\"ImageObject\",\"inLanguage\":\"de\",\"@id\":\"https:\\\/\\\/formcare.ch\\\/shop\\\/produkt\\\/puzzle-individuell-gestalten\\\/#primaryimage\",\"url\":\"https:\\\/\\\/formcare.ch\\\/shop\\\/wp-content\\\/uploads\\\/2020\\\/04\\\/puzzle.webp\",\"contentUrl\":\"https:\\\/\\\/formcare.ch\\\/shop\\\/wp-content\\\/uploads\\\/2020\\\/04\\\/puzzle.webp\",\"width\":1920,\"height\":1370},{\"@type\":\"BreadcrumbList\",\"@id\":\"https:\\\/\\\/formcare.ch\\\/shop\\\/produkt\\\/puzzle-individuell-gestalten\\\/#breadcrumb\",\"itemListElement\":[{\"@type\":\"ListItem\",\"position\":1,\"name\":\"Startseite\",\"item\":\"https:\\\/\\\/formcare.ch\\\/shop\\\/\"},{\"@type\":\"ListItem\",\"position\":2,\"name\":\"Shop\",\"item\":\"https:\\\/\\\/formcare.ch\\\/shop\\\/shop\\\/\"},{\"@type\":\"ListItem\",\"position\":3,\"name\":\"Puzzle\"}]},{\"@type\":\"WebSite\",\"@id\":\"https:\\\/\\\/formcare.ch\\\/shop\\\/#website\",\"url\":\"https:\\\/\\\/formcare.ch\\\/shop\\\/\",\"name\":\"Formcare GmbH - Shop\",\"description\":\"Bekleidung\",\"publisher\":{\"@id\":\"https:\\\/\\\/formcare.ch\\\/shop\\\/#organization\"},\"potentialAction\":[{\"@type\":\"SearchAction\",\"target\":{\"@type\":\"EntryPoint\",\"urlTemplate\":\"https:\\\/\\\/formcare.ch\\\/shop\\\/?s={search_term_string}\"},\"query-input\":{\"@type\":\"PropertyValueSpecification\",\"valueRequired\":true,\"valueName\":\"search_term_string\"}}],\"inLanguage\":\"de\"},{\"@type\":\"Organization\",\"@id\":\"https:\\\/\\\/formcare.ch\\\/shop\\\/#organization\",\"name\":\"Formcare GmbH - Shop\",\"url\":\"https:\\\/\\\/formcare.ch\\\/shop\\\/\",\"logo\":{\"@type\":\"ImageObject\",\"inLanguage\":\"de\",\"@id\":\"https:\\\/\\\/formcare.ch\\\/shop\\\/#\\\/schema\\\/logo\\\/image\\\/\",\"url\":\"https:\\\/\\\/formcare.ch\\\/shop\\\/wp-content\\\/uploads\\\/2021\\\/10\\\/formcare_logo_quer.png\",\"contentUrl\":\"https:\\\/\\\/formcare.ch\\\/shop\\\/wp-content\\\/uploads\\\/2021\\\/10\\\/formcare_logo_quer.png\",\"width\":473,\"height\":118,\"caption\":\"Formcare GmbH - Shop\"},\"image\":{\"@id\":\"https:\\\/\\\/formcare.ch\\\/shop\\\/#\\\/schema\\\/logo\\\/image\\\/\"},\"sameAs\":[\"https:\\\/\\\/www.facebook.com\\\/azenhaeusern\\\/photos\\\/\",\"https:\\\/\\\/x.com\\\/formcare\"]}]}<\/script>\n<!-- \/ Yoast SEO plugin. -->","yoast_head_json":{"title":"Puzzle - Formcare GmbH - Shop","description":"Gestalten Sie ihr Puzzle individuell. Das Puzzle ist in verschiedenen Gr\u00f6ssen erh\u00e4ltlich. Laden Sie Ihr Wunsch-Design hoch.","robots":{"index":"index","follow":"follow","max-snippet":"max-snippet:-1","max-image-preview":"max-image-preview:large","max-video-preview":"max-video-preview:-1"},"canonical":"https:\/\/formcare.ch\/shop\/produkt\/puzzle-individuell-gestalten\/","og_locale":"de_DE","og_type":"article","og_title":"Puzzle - Formcare GmbH - Shop","og_description":"Gestalten Sie ihr Puzzle individuell. Das Puzzle ist in verschiedenen Gr\u00f6ssen erh\u00e4ltlich. Laden Sie Ihr Wunsch-Design hoch.","og_url":"https:\/\/formcare.ch\/shop\/produkt\/puzzle-individuell-gestalten\/","og_site_name":"Formcare GmbH - Shop","article_publisher":"https:\/\/www.facebook.com\/azenhaeusern\/photos\/","article_modified_time":"2022-07-31T13:06:26+00:00","og_image":[{"width":1920,"height":1370,"url":"https:\/\/formcare.ch\/shop\/wp-content\/uploads\/2020\/04\/puzzle.webp","type":"image\/webp"}],"twitter_card":"summary_large_image","twitter_site":"@formcare","twitter_misc":{"Gesch\u00e4tzte Lesezeit":"1\u00a0Minute"},"schema":{"@context":"https:\/\/schema.org","@graph":[{"@type":"WebPage","@id":"https:\/\/formcare.ch\/shop\/produkt\/puzzle-individuell-gestalten\/","url":"https:\/\/formcare.ch\/shop\/produkt\/puzzle-individuell-gestalten\/","name":"Puzzle - Formcare GmbH - Shop","isPartOf":{"@id":"https:\/\/formcare.ch\/shop\/#website"},"primaryImageOfPage":{"@id":"https:\/\/formcare.ch\/shop\/produkt\/puzzle-individuell-gestalten\/#primaryimage"},"image":{"@id":"https:\/\/formcare.ch\/shop\/produkt\/puzzle-individuell-gestalten\/#primaryimage"},"thumbnailUrl":"https:\/\/formcare.ch\/shop\/wp-content\/uploads\/2020\/04\/puzzle.webp","datePublished":"2020-04-03T07:57:04+00:00","dateModified":"2022-07-31T13:06:26+00:00","description":"Gestalten Sie ihr Puzzle individuell. Das Puzzle ist in verschiedenen Gr\u00f6ssen erh\u00e4ltlich. Laden Sie Ihr Wunsch-Design hoch.","breadcrumb":{"@id":"https:\/\/formcare.ch\/shop\/produkt\/puzzle-individuell-gestalten\/#breadcrumb"},"inLanguage":"de","potentialAction":[{"@type":"ReadAction","target":["https:\/\/formcare.ch\/shop\/produkt\/puzzle-individuell-gestalten\/"]}]},{"@type":"ImageObject","inLanguage":"de","@id":"https:\/\/formcare.ch\/shop\/produkt\/puzzle-individuell-gestalten\/#primaryimage","url":"https:\/\/formcare.ch\/shop\/wp-content\/uploads\/2020\/04\/puzzle.webp","contentUrl":"https:\/\/formcare.ch\/shop\/wp-content\/uploads\/2020\/04\/puzzle.webp","width":1920,"height":1370},{"@type":"BreadcrumbList","@id":"https:\/\/formcare.ch\/shop\/produkt\/puzzle-individuell-gestalten\/#breadcrumb","itemListElement":[{"@type":"ListItem","position":1,"name":"Startseite","item":"https:\/\/formcare.ch\/shop\/"},{"@type":"ListItem","position":2,"name":"Shop","item":"https:\/\/formcare.ch\/shop\/shop\/"},{"@type":"ListItem","position":3,"name":"Puzzle"}]},{"@type":"WebSite","@id":"https:\/\/formcare.ch\/shop\/#website","url":"https:\/\/formcare.ch\/shop\/","name":"Formcare GmbH - Shop","description":"Bekleidung","publisher":{"@id":"https:\/\/formcare.ch\/shop\/#organization"},"potentialAction":[{"@type":"SearchAction","target":{"@type":"EntryPoint","urlTemplate":"https:\/\/formcare.ch\/shop\/?s={search_term_string}"},"query-input":{"@type":"PropertyValueSpecification","valueRequired":true,"valueName":"search_term_string"}}],"inLanguage":"de"},{"@type":"Organization","@id":"https:\/\/formcare.ch\/shop\/#organization","name":"Formcare GmbH - Shop","url":"https:\/\/formcare.ch\/shop\/","logo":{"@type":"ImageObject","inLanguage":"de","@id":"https:\/\/formcare.ch\/shop\/#\/schema\/logo\/image\/","url":"https:\/\/formcare.ch\/shop\/wp-content\/uploads\/2021\/10\/formcare_logo_quer.png","contentUrl":"https:\/\/formcare.ch\/shop\/wp-content\/uploads\/2021\/10\/formcare_logo_quer.png","width":473,"height":118,"caption":"Formcare GmbH - Shop"},"image":{"@id":"https:\/\/formcare.ch\/shop\/#\/schema\/logo\/image\/"},"sameAs":["https:\/\/www.facebook.com\/azenhaeusern\/photos\/","https:\/\/x.com\/formcare"]}]}},"_links":{"self":[{"href":"https:\/\/formcare.ch\/shop\/wp-json\/wp\/v2\/product\/1490","targetHints":{"allow":["GET"]}}],"collection":[{"href":"https:\/\/formcare.ch\/shop\/wp-json\/wp\/v2\/product"}],"about":[{"href":"https:\/\/formcare.ch\/shop\/wp-json\/wp\/v2\/types\/product"}],"replies":[{"embeddable":true,"href":"https:\/\/formcare.ch\/shop\/wp-json\/wp\/v2\/comments?post=1490"}],"version-history":[{"count":1,"href":"https:\/\/formcare.ch\/shop\/wp-json\/wp\/v2\/product\/1490\/revisions"}],"predecessor-version":[{"id":2430,"href":"https:\/\/formcare.ch\/shop\/wp-json\/wp\/v2\/product\/1490\/revisions\/2430"}],"wp:featuredmedia":[{"embeddable":true,"href":"https:\/\/formcare.ch\/shop\/wp-json\/wp\/v2\/media\/2586"}],"wp:attachment":[{"href":"https:\/\/formcare.ch\/shop\/wp-json\/wp\/v2\/media?parent=1490"}],"wp:term":[{"taxonomy":"product_brand","embeddable":true,"href":"https:\/\/formcare.ch\/shop\/wp-json\/wp\/v2\/product_brand?post=1490"},{"taxonomy":"product_cat","embeddable":true,"href":"https:\/\/formcare.ch\/shop\/wp-json\/wp\/v2\/product_cat?post=1490"},{"taxonomy":"product_tag","embeddable":true,"href":"https:\/\/formcare.ch\/shop\/wp-json\/wp\/v2\/product_tag?post=1490"}],"curies":[{"name":"wp","href":"https:\/\/api.w.org\/{rel}","templated":true}]}}